{"id":997,"date":"2019-05-14T08:19:10","date_gmt":"2019-05-14T06:19:10","guid":{"rendered":"https:\/\/onyxdevelopment.pl\/promienna-premium\/?page_id=997"},"modified":"2021-01-13T17:41:19","modified_gmt":"2021-01-13T16:41:19","slug":"o-nas","status":"publish","type":"page","link":"https:\/\/onyxdevelopment.pl\/promienna-premium\/o-nas\/","title":{"rendered":"O nas"},"content":{"rendered":"<p style=\"text-align: justify;\">Grupa sp\u00f3\u0142ek ONYX DEVELOPMENT powo\u0142ana zosta\u0142a od 2017 roku do realizacji inwestycji deweloperskich w sektorze budownictwa wielorodzinnego oraz nieruchomo\u015bci o charakterze komercyjnym.<\/p>\n<p style=\"text-align: justify;\">Obecnie ONYX DEVELOPMENT prowadzi inwestycj\u0119 wielorodzinn\u0105 w Pile o nazwie Osiedle Konstancji &#8211; I etap (<a href=\"http:\/\/osiedlekonstancji.pl\">osiedlekonstancji.pl<\/a>). Wkr\u00f3tce rozpocznie si\u0119 r\u00f3wnie\u017c budowa II etapu tego osiedla. Na uko\u0144czeniu jest r\u00f3wnie\u017c inwestycja mieszkaniowa w Wi\u0119cborku (<a href=\"https:\/\/krajenska2.pl\" target=\"_blank\" rel=\"noopener noreferrer\">krajenska2.pl<\/a>). W trakcie realizacj\u0105 s\u0105 r\u00f3wnie\u017c budynki jednorodzinne Nad Gwd\u0105 oraz Villa Nova. Wkr\u00f3tce rozpoczynaj\u0105 si\u0119 prace budowlane apartament\u00f3w w Inowroc\u0142awiu, inwestycji mieszkaniowej przy ulicy Podchor\u0105\u017cych w Pile oraz centrum logistycznego w Pile.<\/p>\n<p>Zako\u0144czona zosta\u0142a budowa budynku wielorodzinnego w Pile przy ulicy Targowej 3 (<a href=\"https:\/\/targowa3.pl\" target=\"_blank\" rel=\"noopener noreferrer\">targowa3.pl)<\/a> oraz w Z\u0142otowie przy ulicy Brzuchalskiego 39 (<a href=\"https:\/\/brzuchalskiego39.pl\" target=\"_blank\" rel=\"noopener noreferrer\">brzuchalskiego39.pl<\/a>).<\/p>\n<div>\n<p style=\"text-align: justify;\">W 2019 roku ONYX DEVELOPMENT zakupi\u0142a teren inwestycyjny w samym sercu osiedla Zielona Dolina w Pile, tu\u017c przy skrzy\u017cowaniu ulic Promiennej i R\u00f3wnej, na kt\u00f3rym powstanie budynek wielorodzinny z us\u0142ugami w parterze o podwy\u017cszonym standardzie (promiennapremium.pl)<\/p>\n<p style=\"text-align: justify;\">Siedziba sp\u00f3\u0142ki mie\u015bci si\u0119 w Pile przy ul. dr Franciszka Witaszka 6, na II pi\u0119trze nowoczesnego biurowca klasy A\u00a0 &#8211;\u00a0 ONYX Business Point. W biurze sprzeda\u017cy mieszka\u0144 wykwalifikowany personel przy fili\u017cance wysmakowanej kawy zaprezentuje aktualn\u0105 ofert\u0119 mieszka\u0144 i przedstawi szczeg\u00f3\u0142y techniczne rozwi\u0105za\u0144 stosowanych przy realizacji inwestycji.<\/p>\n<\/div>\n","protected":false},"excerpt":{"rendered":"<p>Grupa sp\u00f3\u0142ek ONYX DEVELOPMENT powo\u0142ana zosta\u0142a od 2017 roku do realizacji inwestycji deweloperskich w sektorze budownictwa wielorodzinnego oraz nieruchomo\u015bci o charakterze komercyjnym. Obecnie ONYX DEVELOPMENT prowadzi inwestycj\u0119 wielorodzinn\u0105 w Pile o nazwie Osiedle Konstancji &#8211; I etap (osiedlekonstancji.pl). Wkr\u00f3tce rozpocznie si\u0119 r\u00f3wnie\u017c budowa II etapu tego osiedla. Na uko\u0144czeniu jest r\u00f3wnie\u017c inwestycja mieszkaniowa w Wi\u0119cborku [&hellip;]<\/p>\n","protected":false},"author":1,"featured_media":0,"parent":0,"menu_order":0,"comment_status":"closed","ping_status":"closed","template":"","meta":{"footnotes":""},"class_list":["post-997","page","type-page","status-publish","hentry"],"yoast_head":"<!-- This site is optimized with the Yoast SEO plugin v24.8.1 - https:\/\/yoast.com\/wordpress\/plugins\/seo\/ -->\n<title>O nas - Promienna Premium Pi\u0142a<\/title>\n<meta name=\"robots\" content=\"index, follow, max-snippet:-1, max-image-preview:large, max-video-preview:-1\" \/>\n<link rel=\"canonical\" href=\"https:\/\/onyxdevelopment.pl\/promienna-premium\/o-nas\/\" \/>\n<meta property=\"og:locale\" content=\"pl_PL\" \/>\n<meta property=\"og:type\" content=\"article\" \/>\n<meta property=\"og:title\" content=\"O nas - Promienna Premium Pi\u0142a\" \/>\n<meta property=\"og:description\" content=\"Grupa sp\u00f3\u0142ek ONYX DEVELOPMENT powo\u0142ana zosta\u0142a od 2017 roku do realizacji inwestycji deweloperskich w sektorze budownictwa wielorodzinnego oraz nieruchomo\u015bci o charakterze komercyjnym. Obecnie ONYX DEVELOPMENT prowadzi inwestycj\u0119 wielorodzinn\u0105 w Pile o nazwie Osiedle Konstancji &#8211; I etap (osiedlekonstancji.pl). Wkr\u00f3tce rozpocznie si\u0119 r\u00f3wnie\u017c budowa II etapu tego osiedla. Na uko\u0144czeniu jest r\u00f3wnie\u017c inwestycja mieszkaniowa w Wi\u0119cborku [&hellip;]\" \/>\n<meta property=\"og:url\" content=\"https:\/\/onyxdevelopment.pl\/promienna-premium\/o-nas\/\" \/>\n<meta property=\"og:site_name\" content=\"Promienna Premium Pi\u0142a\" \/>\n<meta property=\"article:publisher\" content=\"https:\/\/www.facebook.com\/onyxdevelopment\/\" \/>\n<meta property=\"article:modified_time\" content=\"2021-01-13T16:41:19+00:00\" \/>\n<meta name=\"twitter:card\" content=\"summary_large_image\" \/>\n<meta name=\"twitter:label1\" content=\"Szacowany czas czytania\" \/>\n\t<meta name=\"twitter:data1\" content=\"1 minuta\" \/>\n<script type=\"application\/ld+json\" class=\"yoast-schema-graph\">{\"@context\":\"https:\/\/schema.org\",\"@graph\":[{\"@type\":\"WebPage\",\"@id\":\"https:\/\/onyxdevelopment.pl\/promienna-premium\/o-nas\/\",\"url\":\"https:\/\/onyxdevelopment.pl\/promienna-premium\/o-nas\/\",\"name\":\"O nas - Promienna Premium Pi\u0142a\",\"isPartOf\":{\"@id\":\"https:\/\/onyxdevelopment.pl\/promienna-premium\/#website\"},\"datePublished\":\"2019-05-14T06:19:10+00:00\",\"dateModified\":\"2021-01-13T16:41:19+00:00\",\"breadcrumb\":{\"@id\":\"https:\/\/onyxdevelopment.pl\/promienna-premium\/o-nas\/#breadcrumb\"},\"inLanguage\":\"pl-PL\",\"potentialAction\":[{\"@type\":\"ReadAction\",\"target\":[\"https:\/\/onyxdevelopment.pl\/promienna-premium\/o-nas\/\"]}]},{\"@type\":\"BreadcrumbList\",\"@id\":\"https:\/\/onyxdevelopment.pl\/promienna-premium\/o-nas\/#breadcrumb\",\"itemListElement\":[{\"@type\":\"ListItem\",\"position\":1,\"name\":\"Strona g\u0142\u00f3wna\",\"item\":\"https:\/\/onyxdevelopment.pl\/promienna-premium\/\"},{\"@type\":\"ListItem\",\"position\":2,\"name\":\"O nas\"}]},{\"@type\":\"WebSite\",\"@id\":\"https:\/\/onyxdevelopment.pl\/promienna-premium\/#website\",\"url\":\"https:\/\/onyxdevelopment.pl\/promienna-premium\/\",\"name\":\"Promienna Premium Pi\u0142a\",\"description\":\"ONYX Development\",\"publisher\":{\"@id\":\"https:\/\/onyxdevelopment.pl\/promienna-premium\/#organization\"},\"potentialAction\":[{\"@type\":\"SearchAction\",\"target\":{\"@type\":\"EntryPoint\",\"urlTemplate\":\"https:\/\/onyxdevelopment.pl\/promienna-premium\/?s={search_term_string}\"},\"query-input\":{\"@type\":\"PropertyValueSpecification\",\"valueRequired\":true,\"valueName\":\"search_term_string\"}}],\"inLanguage\":\"pl-PL\"},{\"@type\":\"Organization\",\"@id\":\"https:\/\/onyxdevelopment.pl\/promienna-premium\/#organization\",\"name\":\"Onyx Development\",\"url\":\"https:\/\/onyxdevelopment.pl\/promienna-premium\/\",\"logo\":{\"@type\":\"ImageObject\",\"inLanguage\":\"pl-PL\",\"@id\":\"https:\/\/onyxdevelopment.pl\/promienna-premium\/#\/schema\/logo\/image\/\",\"url\":\"https:\/\/onyxdevelopment.pl\/promienna-premium\/wp-content\/uploads\/2018\/08\/logo-or-big.jpg\",\"contentUrl\":\"https:\/\/onyxdevelopment.pl\/promienna-premium\/wp-content\/uploads\/2018\/08\/logo-or-big.jpg\",\"width\":1293,\"height\":496,\"caption\":\"Onyx Development\"},\"image\":{\"@id\":\"https:\/\/onyxdevelopment.pl\/promienna-premium\/#\/schema\/logo\/image\/\"},\"sameAs\":[\"https:\/\/www.facebook.com\/onyxdevelopment\/\"]}]}<\/script>\n<!-- \/ Yoast SEO plugin. -->","yoast_head_json":{"title":"O nas - Promienna Premium Pi\u0142a","robots":{"index":"index","follow":"follow","max-snippet":"max-snippet:-1","max-image-preview":"max-image-preview:large","max-video-preview":"max-video-preview:-1"},"canonical":"https:\/\/onyxdevelopment.pl\/promienna-premium\/o-nas\/","og_locale":"pl_PL","og_type":"article","og_title":"O nas - Promienna Premium Pi\u0142a","og_description":"Grupa sp\u00f3\u0142ek ONYX DEVELOPMENT powo\u0142ana zosta\u0142a od 2017 roku do realizacji inwestycji deweloperskich w sektorze budownictwa wielorodzinnego oraz nieruchomo\u015bci o charakterze komercyjnym. Obecnie ONYX DEVELOPMENT prowadzi inwestycj\u0119 wielorodzinn\u0105 w Pile o nazwie Osiedle Konstancji &#8211; I etap (osiedlekonstancji.pl). Wkr\u00f3tce rozpocznie si\u0119 r\u00f3wnie\u017c budowa II etapu tego osiedla. Na uko\u0144czeniu jest r\u00f3wnie\u017c inwestycja mieszkaniowa w Wi\u0119cborku [&hellip;]","og_url":"https:\/\/onyxdevelopment.pl\/promienna-premium\/o-nas\/","og_site_name":"Promienna Premium Pi\u0142a","article_publisher":"https:\/\/www.facebook.com\/onyxdevelopment\/","article_modified_time":"2021-01-13T16:41:19+00:00","twitter_card":"summary_large_image","twitter_misc":{"Szacowany czas czytania":"1 minuta"},"schema":{"@context":"https:\/\/schema.org","@graph":[{"@type":"WebPage","@id":"https:\/\/onyxdevelopment.pl\/promienna-premium\/o-nas\/","url":"https:\/\/onyxdevelopment.pl\/promienna-premium\/o-nas\/","name":"O nas - Promienna Premium Pi\u0142a","isPartOf":{"@id":"https:\/\/onyxdevelopment.pl\/promienna-premium\/#website"},"datePublished":"2019-05-14T06:19:10+00:00","dateModified":"2021-01-13T16:41:19+00:00","breadcrumb":{"@id":"https:\/\/onyxdevelopment.pl\/promienna-premium\/o-nas\/#breadcrumb"},"inLanguage":"pl-PL","potentialAction":[{"@type":"ReadAction","target":["https:\/\/onyxdevelopment.pl\/promienna-premium\/o-nas\/"]}]},{"@type":"BreadcrumbList","@id":"https:\/\/onyxdevelopment.pl\/promienna-premium\/o-nas\/#breadcrumb","itemListElement":[{"@type":"ListItem","position":1,"name":"Strona g\u0142\u00f3wna","item":"https:\/\/onyxdevelopment.pl\/promienna-premium\/"},{"@type":"ListItem","position":2,"name":"O nas"}]},{"@type":"WebSite","@id":"https:\/\/onyxdevelopment.pl\/promienna-premium\/#website","url":"https:\/\/onyxdevelopment.pl\/promienna-premium\/","name":"Promienna Premium Pi\u0142a","description":"ONYX Development","publisher":{"@id":"https:\/\/onyxdevelopment.pl\/promienna-premium\/#organization"},"potentialAction":[{"@type":"SearchAction","target":{"@type":"EntryPoint","urlTemplate":"https:\/\/onyxdevelopment.pl\/promienna-premium\/?s={search_term_string}"},"query-input":{"@type":"PropertyValueSpecification","valueRequired":true,"valueName":"search_term_string"}}],"inLanguage":"pl-PL"},{"@type":"Organization","@id":"https:\/\/onyxdevelopment.pl\/promienna-premium\/#organization","name":"Onyx Development","url":"https:\/\/onyxdevelopment.pl\/promienna-premium\/","logo":{"@type":"ImageObject","inLanguage":"pl-PL","@id":"https:\/\/onyxdevelopment.pl\/promienna-premium\/#\/schema\/logo\/image\/","url":"https:\/\/onyxdevelopment.pl\/promienna-premium\/wp-content\/uploads\/2018\/08\/logo-or-big.jpg","contentUrl":"https:\/\/onyxdevelopment.pl\/promienna-premium\/wp-content\/uploads\/2018\/08\/logo-or-big.jpg","width":1293,"height":496,"caption":"Onyx Development"},"image":{"@id":"https:\/\/onyxdevelopment.pl\/promienna-premium\/#\/schema\/logo\/image\/"},"sameAs":["https:\/\/www.facebook.com\/onyxdevelopment\/"]}]}},"_links":{"self":[{"href":"https:\/\/onyxdevelopment.pl\/promienna-premium\/wp-json\/wp\/v2\/pages\/997","targetHints":{"allow":["GET"]}}],"collection":[{"href":"https:\/\/onyxdevelopment.pl\/promienna-premium\/wp-json\/wp\/v2\/pages"}],"about":[{"href":"https:\/\/onyxdevelopment.pl\/promienna-premium\/wp-json\/wp\/v2\/types\/page"}],"author":[{"embeddable":true,"href":"https:\/\/onyxdevelopment.pl\/promienna-premium\/wp-json\/wp\/v2\/users\/1"}],"replies":[{"embeddable":true,"href":"https:\/\/onyxdevelopment.pl\/promienna-premium\/wp-json\/wp\/v2\/comments?post=997"}],"version-history":[{"count":10,"href":"https:\/\/onyxdevelopment.pl\/promienna-premium\/wp-json\/wp\/v2\/pages\/997\/revisions"}],"predecessor-version":[{"id":1844,"href":"https:\/\/onyxdevelopment.pl\/promienna-premium\/wp-json\/wp\/v2\/pages\/997\/revisions\/1844"}],"wp:attachment":[{"href":"https:\/\/onyxdevelopment.pl\/promienna-premium\/wp-json\/wp\/v2\/media?parent=997"}],"curies":[{"name":"wp","href":"https:\/\/api.w.org\/{rel}","templated":true}]}}