{"id":14,"date":"2018-06-11T20:07:34","date_gmt":"2018-06-11T18:07:34","guid":{"rendered":"https:\/\/onyxdevelopment.pl\/promienna-premium\/?page_id=14"},"modified":"2024-11-02T09:07:53","modified_gmt":"2024-11-02T08:07:53","slug":"mieszkania","status":"publish","type":"page","link":"https:\/\/onyxdevelopment.pl\/promienna-premium\/mieszkania\/","title":{"rendered":"Lokale us\u0142ugowe"},"content":{"rendered":"<h2 class=\"mb-0\">Skorzystaj z wyszukiwarki<\/h2>\n","protected":false},"excerpt":{"rendered":"<p>Skorzystaj z wyszukiwarki<\/p>\n","protected":false},"author":1,"featured_media":0,"parent":0,"menu_order":0,"comment_status":"closed","ping_status":"closed","template":"","meta":{"footnotes":""},"class_list":["post-14","page","type-page","status-publish","hentry"],"yoast_head":"<!-- This site is optimized with the Yoast SEO plugin v24.8.1 - https:\/\/yoast.com\/wordpress\/plugins\/seo\/ -->\n<title>Lokale us\u0142ugowe - Promienna Premium Pi\u0142a<\/title>\n<meta name=\"description\" content=\"Z przyjemno\u015bci\u0105 mo\u017cemy zaprezentowa\u0107 Pa\u0144stwu nasz\u0105 najnowsz\u0105 inwestycj\u0119 mieszkaniow\u0105 Promienna Premium przy ulicy Promiennej na Zielonej Dolinie w Pile.\" \/>\n<meta name=\"robots\" content=\"index, follow, max-snippet:-1, max-image-preview:large, max-video-preview:-1\" \/>\n<link rel=\"canonical\" href=\"https:\/\/onyxdevelopment.pl\/promienna-premium\/mieszkania\/\" \/>\n<meta property=\"og:locale\" content=\"pl_PL\" \/>\n<meta property=\"og:type\" content=\"article\" \/>\n<meta property=\"og:title\" content=\"Nowa inwestycja mieszkaniowa Promienna Premium w Pile - ONYX Development\" \/>\n<meta property=\"og:description\" content=\"Inwestycja jest podzielona na dwa etapy, z kt\u00f3rych pierwszy zostanie zrealizowany w terminie do dnia 30 czerwca 2021r., natomiast drugi w terminie do dnia 30 czerwca 2022r. W pierwszym etapie powstanie zesp\u00f3\u0142 pi\u0119ciu budynk\u00f3w wielorodzinnych w zwartej zabudowie licz\u0105cych w sumie 76 mieszka\u0144.\" \/>\n<meta property=\"og:url\" content=\"https:\/\/onyxdevelopment.pl\/promienna-premium\/mieszkania\/\" \/>\n<meta property=\"og:site_name\" content=\"Promienna Premium Pi\u0142a\" \/>\n<meta property=\"article:publisher\" content=\"https:\/\/www.facebook.com\/onyxdevelopment\/\" \/>\n<meta property=\"article:modified_time\" content=\"2024-11-02T08:07:53+00:00\" \/>\n<meta name=\"twitter:card\" content=\"summary_large_image\" \/>\n<script type=\"application\/ld+json\" class=\"yoast-schema-graph\">{\"@context\":\"https:\/\/schema.org\",\"@graph\":[{\"@type\":\"WebPage\",\"@id\":\"https:\/\/onyxdevelopment.pl\/promienna-premium\/mieszkania\/\",\"url\":\"https:\/\/onyxdevelopment.pl\/promienna-premium\/mieszkania\/\",\"name\":\"Lokale us\u0142ugowe - Promienna Premium Pi\u0142a\",\"isPartOf\":{\"@id\":\"https:\/\/onyxdevelopment.pl\/promienna-premium\/#website\"},\"datePublished\":\"2018-06-11T18:07:34+00:00\",\"dateModified\":\"2024-11-02T08:07:53+00:00\",\"description\":\"Z przyjemno\u015bci\u0105 mo\u017cemy zaprezentowa\u0107 Pa\u0144stwu nasz\u0105 najnowsz\u0105 inwestycj\u0119 mieszkaniow\u0105 Promienna Premium przy ulicy Promiennej na Zielonej Dolinie w Pile.\",\"breadcrumb\":{\"@id\":\"https:\/\/onyxdevelopment.pl\/promienna-premium\/mieszkania\/#breadcrumb\"},\"inLanguage\":\"pl-PL\",\"potentialAction\":[{\"@type\":\"ReadAction\",\"target\":[\"https:\/\/onyxdevelopment.pl\/promienna-premium\/mieszkania\/\"]}]},{\"@type\":\"BreadcrumbList\",\"@id\":\"https:\/\/onyxdevelopment.pl\/promienna-premium\/mieszkania\/#breadcrumb\",\"itemListElement\":[{\"@type\":\"ListItem\",\"position\":1,\"name\":\"Strona g\u0142\u00f3wna\",\"item\":\"https:\/\/onyxdevelopment.pl\/promienna-premium\/\"},{\"@type\":\"ListItem\",\"position\":2,\"name\":\"Lokale us\u0142ugowe\"}]},{\"@type\":\"WebSite\",\"@id\":\"https:\/\/onyxdevelopment.pl\/promienna-premium\/#website\",\"url\":\"https:\/\/onyxdevelopment.pl\/promienna-premium\/\",\"name\":\"Promienna Premium Pi\u0142a\",\"description\":\"ONYX Development\",\"publisher\":{\"@id\":\"https:\/\/onyxdevelopment.pl\/promienna-premium\/#organization\"},\"potentialAction\":[{\"@type\":\"SearchAction\",\"target\":{\"@type\":\"EntryPoint\",\"urlTemplate\":\"https:\/\/onyxdevelopment.pl\/promienna-premium\/?s={search_term_string}\"},\"query-input\":{\"@type\":\"PropertyValueSpecification\",\"valueRequired\":true,\"valueName\":\"search_term_string\"}}],\"inLanguage\":\"pl-PL\"},{\"@type\":\"Organization\",\"@id\":\"https:\/\/onyxdevelopment.pl\/promienna-premium\/#organization\",\"name\":\"Onyx Development\",\"url\":\"https:\/\/onyxdevelopment.pl\/promienna-premium\/\",\"logo\":{\"@type\":\"ImageObject\",\"inLanguage\":\"pl-PL\",\"@id\":\"https:\/\/onyxdevelopment.pl\/promienna-premium\/#\/schema\/logo\/image\/\",\"url\":\"https:\/\/onyxdevelopment.pl\/promienna-premium\/wp-content\/uploads\/2018\/08\/logo-or-big.jpg\",\"contentUrl\":\"https:\/\/onyxdevelopment.pl\/promienna-premium\/wp-content\/uploads\/2018\/08\/logo-or-big.jpg\",\"width\":1293,\"height\":496,\"caption\":\"Onyx Development\"},\"image\":{\"@id\":\"https:\/\/onyxdevelopment.pl\/promienna-premium\/#\/schema\/logo\/image\/\"},\"sameAs\":[\"https:\/\/www.facebook.com\/onyxdevelopment\/\"]}]}<\/script>\n<!-- \/ Yoast SEO plugin. -->","yoast_head_json":{"title":"Lokale us\u0142ugowe - Promienna Premium Pi\u0142a","description":"Z przyjemno\u015bci\u0105 mo\u017cemy zaprezentowa\u0107 Pa\u0144stwu nasz\u0105 najnowsz\u0105 inwestycj\u0119 mieszkaniow\u0105 Promienna Premium przy ulicy Promiennej na Zielonej Dolinie w Pile.","robots":{"index":"index","follow":"follow","max-snippet":"max-snippet:-1","max-image-preview":"max-image-preview:large","max-video-preview":"max-video-preview:-1"},"canonical":"https:\/\/onyxdevelopment.pl\/promienna-premium\/mieszkania\/","og_locale":"pl_PL","og_type":"article","og_title":"Nowa inwestycja mieszkaniowa Promienna Premium w Pile - ONYX Development","og_description":"Inwestycja jest podzielona na dwa etapy, z kt\u00f3rych pierwszy zostanie zrealizowany w terminie do dnia 30 czerwca 2021r., natomiast drugi w terminie do dnia 30 czerwca 2022r. W pierwszym etapie powstanie zesp\u00f3\u0142 pi\u0119ciu budynk\u00f3w wielorodzinnych w zwartej zabudowie licz\u0105cych w sumie 76 mieszka\u0144.","og_url":"https:\/\/onyxdevelopment.pl\/promienna-premium\/mieszkania\/","og_site_name":"Promienna Premium Pi\u0142a","article_publisher":"https:\/\/www.facebook.com\/onyxdevelopment\/","article_modified_time":"2024-11-02T08:07:53+00:00","twitter_card":"summary_large_image","schema":{"@context":"https:\/\/schema.org","@graph":[{"@type":"WebPage","@id":"https:\/\/onyxdevelopment.pl\/promienna-premium\/mieszkania\/","url":"https:\/\/onyxdevelopment.pl\/promienna-premium\/mieszkania\/","name":"Lokale us\u0142ugowe - Promienna Premium Pi\u0142a","isPartOf":{"@id":"https:\/\/onyxdevelopment.pl\/promienna-premium\/#website"},"datePublished":"2018-06-11T18:07:34+00:00","dateModified":"2024-11-02T08:07:53+00:00","description":"Z przyjemno\u015bci\u0105 mo\u017cemy zaprezentowa\u0107 Pa\u0144stwu nasz\u0105 najnowsz\u0105 inwestycj\u0119 mieszkaniow\u0105 Promienna Premium przy ulicy Promiennej na Zielonej Dolinie w Pile.","breadcrumb":{"@id":"https:\/\/onyxdevelopment.pl\/promienna-premium\/mieszkania\/#breadcrumb"},"inLanguage":"pl-PL","potentialAction":[{"@type":"ReadAction","target":["https:\/\/onyxdevelopment.pl\/promienna-premium\/mieszkania\/"]}]},{"@type":"BreadcrumbList","@id":"https:\/\/onyxdevelopment.pl\/promienna-premium\/mieszkania\/#breadcrumb","itemListElement":[{"@type":"ListItem","position":1,"name":"Strona g\u0142\u00f3wna","item":"https:\/\/onyxdevelopment.pl\/promienna-premium\/"},{"@type":"ListItem","position":2,"name":"Lokale us\u0142ugowe"}]},{"@type":"WebSite","@id":"https:\/\/onyxdevelopment.pl\/promienna-premium\/#website","url":"https:\/\/onyxdevelopment.pl\/promienna-premium\/","name":"Promienna Premium Pi\u0142a","description":"ONYX Development","publisher":{"@id":"https:\/\/onyxdevelopment.pl\/promienna-premium\/#organization"},"potentialAction":[{"@type":"SearchAction","target":{"@type":"EntryPoint","urlTemplate":"https:\/\/onyxdevelopment.pl\/promienna-premium\/?s={search_term_string}"},"query-input":{"@type":"PropertyValueSpecification","valueRequired":true,"valueName":"search_term_string"}}],"inLanguage":"pl-PL"},{"@type":"Organization","@id":"https:\/\/onyxdevelopment.pl\/promienna-premium\/#organization","name":"Onyx Development","url":"https:\/\/onyxdevelopment.pl\/promienna-premium\/","logo":{"@type":"ImageObject","inLanguage":"pl-PL","@id":"https:\/\/onyxdevelopment.pl\/promienna-premium\/#\/schema\/logo\/image\/","url":"https:\/\/onyxdevelopment.pl\/promienna-premium\/wp-content\/uploads\/2018\/08\/logo-or-big.jpg","contentUrl":"https:\/\/onyxdevelopment.pl\/promienna-premium\/wp-content\/uploads\/2018\/08\/logo-or-big.jpg","width":1293,"height":496,"caption":"Onyx Development"},"image":{"@id":"https:\/\/onyxdevelopment.pl\/promienna-premium\/#\/schema\/logo\/image\/"},"sameAs":["https:\/\/www.facebook.com\/onyxdevelopment\/"]}]}},"_links":{"self":[{"href":"https:\/\/onyxdevelopment.pl\/promienna-premium\/wp-json\/wp\/v2\/pages\/14","targetHints":{"allow":["GET"]}}],"collection":[{"href":"https:\/\/onyxdevelopment.pl\/promienna-premium\/wp-json\/wp\/v2\/pages"}],"about":[{"href":"https:\/\/onyxdevelopment.pl\/promienna-premium\/wp-json\/wp\/v2\/types\/page"}],"author":[{"embeddable":true,"href":"https:\/\/onyxdevelopment.pl\/promienna-premium\/wp-json\/wp\/v2\/users\/1"}],"replies":[{"embeddable":true,"href":"https:\/\/onyxdevelopment.pl\/promienna-premium\/wp-json\/wp\/v2\/comments?post=14"}],"version-history":[{"count":98,"href":"https:\/\/onyxdevelopment.pl\/promienna-premium\/wp-json\/wp\/v2\/pages\/14\/revisions"}],"predecessor-version":[{"id":1941,"href":"https:\/\/onyxdevelopment.pl\/promienna-premium\/wp-json\/wp\/v2\/pages\/14\/revisions\/1941"}],"wp:attachment":[{"href":"https:\/\/onyxdevelopment.pl\/promienna-premium\/wp-json\/wp\/v2\/media?parent=14"}],"curies":[{"name":"wp","href":"https:\/\/api.w.org\/{rel}","templated":true}]}}