{"id":8,"date":"2018-06-08T15:28:58","date_gmt":"2018-06-08T13:28:58","guid":{"rendered":"https:\/\/onyxdevelopment.pl\/osiedle-sztuk-pieknych\/?page_id=8"},"modified":"2021-06-26T17:12:32","modified_gmt":"2021-06-26T15:12:32","slug":"home","status":"publish","type":"page","link":"https:\/\/onyxdevelopment.pl\/osiedle-sztuk-pieknych\/","title":{"rendered":"Home"},"content":{"rendered":"","protected":false},"excerpt":{"rendered":"","protected":false},"author":1,"featured_media":3131,"parent":0,"menu_order":2,"comment_status":"closed","ping_status":"closed","template":"home-page.php","meta":{"footnotes":""},"class_list":["post-8","page","type-page","status-publish","has-post-thumbnail","hentry"],"yoast_head":"<!-- This site is optimized with the Yoast SEO plugin v24.5 - https:\/\/yoast.com\/wordpress\/plugins\/seo\/ -->\n<title>Osiedle Sztuk Pi\u0119knych - ONYX Development<\/title>\n<meta name=\"description\" content=\"Z przyjemno\u015bci\u0105 mo\u017cemy zaprezentowa\u0107 Pa\u0144stwu nasz\u0105 najnowsz\u0105 inwestycj\u0119 mieszkaniow\u0105 Osiedle Sztuk Pi\u0119knych przy ulicy Grottgera\/Podchor\u0105\u017cych w Pile\" \/>\n<meta name=\"robots\" content=\"index, follow, max-snippet:-1, max-image-preview:large, max-video-preview:-1\" \/>\n<link rel=\"canonical\" href=\"https:\/\/onyxdevelopment.pl\/osiedle-sztuk-pieknych\/\" \/>\n<meta property=\"og:locale\" content=\"pl_PL\" \/>\n<meta property=\"og:type\" content=\"article\" \/>\n<meta property=\"og:title\" content=\"Osiedle Sztuk Pi\u0119knych w Pile - ONYX Development\" \/>\n<meta property=\"og:description\" content=\"Pi\u0119kne osiedle z artystycznym rysem po\u0142o\u017cone pomi\u0119dzy ulic\u0105 Podchor\u0105\u017cych i Grottgera. 93 mieszkania i apartamenty z ogr\u00f3dkami lub du\u017cymi tarasami w 4 budynkach zlokalizowanych w s\u0105siedztwie Aquaparku, us\u0142ug i linii MZK.\" \/>\n<meta property=\"og:url\" content=\"https:\/\/onyxdevelopment.pl\/osiedle-sztuk-pieknych\/\" \/>\n<meta property=\"og:site_name\" content=\"Osiedle Sztuk Pi\u0119knych\" \/>\n<meta property=\"article:publisher\" content=\"https:\/\/www.facebook.com\/onyxdevelopment\/\" \/>\n<meta property=\"article:modified_time\" content=\"2021-06-26T15:12:32+00:00\" \/>\n<meta property=\"og:image\" content=\"https:\/\/onyxdevelopment.pl\/osiedle-sztuk-pieknych\/wp-content\/uploads\/2021\/06\/AKSO-strona-1024x576.png\" \/>\n\t<meta property=\"og:image:width\" content=\"1024\" \/>\n\t<meta property=\"og:image:height\" content=\"576\" \/>\n\t<meta property=\"og:image:type\" content=\"image\/png\" \/>\n<meta name=\"twitter:card\" content=\"summary_large_image\" \/>\n<script type=\"application\/ld+json\" class=\"yoast-schema-graph\">{\"@context\":\"https:\/\/schema.org\",\"@graph\":[{\"@type\":\"WebPage\",\"@id\":\"https:\/\/onyxdevelopment.pl\/osiedle-sztuk-pieknych\/\",\"url\":\"https:\/\/onyxdevelopment.pl\/osiedle-sztuk-pieknych\/\",\"name\":\"Osiedle Sztuk Pi\u0119knych - ONYX Development\",\"isPartOf\":{\"@id\":\"https:\/\/onyxdevelopment.pl\/osiedle-sztuk-pieknych\/#website\"},\"primaryImageOfPage\":{\"@id\":\"https:\/\/onyxdevelopment.pl\/osiedle-sztuk-pieknych\/#primaryimage\"},\"image\":{\"@id\":\"https:\/\/onyxdevelopment.pl\/osiedle-sztuk-pieknych\/#primaryimage\"},\"thumbnailUrl\":\"https:\/\/onyxdevelopment.pl\/osiedle-sztuk-pieknych\/wp-content\/uploads\/2021\/06\/AKSO-strona.png\",\"datePublished\":\"2018-06-08T13:28:58+00:00\",\"dateModified\":\"2021-06-26T15:12:32+00:00\",\"description\":\"Z przyjemno\u015bci\u0105 mo\u017cemy zaprezentowa\u0107 Pa\u0144stwu nasz\u0105 najnowsz\u0105 inwestycj\u0119 mieszkaniow\u0105 Osiedle Sztuk Pi\u0119knych przy ulicy Grottgera\/Podchor\u0105\u017cych w Pile\",\"breadcrumb\":{\"@id\":\"https:\/\/onyxdevelopment.pl\/osiedle-sztuk-pieknych\/#breadcrumb\"},\"inLanguage\":\"pl-PL\",\"potentialAction\":[{\"@type\":\"ReadAction\",\"target\":[\"https:\/\/onyxdevelopment.pl\/osiedle-sztuk-pieknych\/\"]}]},{\"@type\":\"ImageObject\",\"inLanguage\":\"pl-PL\",\"@id\":\"https:\/\/onyxdevelopment.pl\/osiedle-sztuk-pieknych\/#primaryimage\",\"url\":\"https:\/\/onyxdevelopment.pl\/osiedle-sztuk-pieknych\/wp-content\/uploads\/2021\/06\/AKSO-strona.png\",\"contentUrl\":\"https:\/\/onyxdevelopment.pl\/osiedle-sztuk-pieknych\/wp-content\/uploads\/2021\/06\/AKSO-strona.png\",\"width\":1920,\"height\":1080},{\"@type\":\"BreadcrumbList\",\"@id\":\"https:\/\/onyxdevelopment.pl\/osiedle-sztuk-pieknych\/#breadcrumb\",\"itemListElement\":[{\"@type\":\"ListItem\",\"position\":1,\"name\":\"Strona g\u0142\u00f3wna\",\"item\":\"https:\/\/onyxdevelopment.pl\/osiedle-sztuk-pieknych\/\"},{\"@type\":\"ListItem\",\"position\":2,\"name\":\"Home\"}]},{\"@type\":\"WebSite\",\"@id\":\"https:\/\/onyxdevelopment.pl\/osiedle-sztuk-pieknych\/#website\",\"url\":\"https:\/\/onyxdevelopment.pl\/osiedle-sztuk-pieknych\/\",\"name\":\"Osiedle Sztuk Pi\u0119knych\",\"description\":\"ONYX Development\",\"publisher\":{\"@id\":\"https:\/\/onyxdevelopment.pl\/osiedle-sztuk-pieknych\/#organization\"},\"potentialAction\":[{\"@type\":\"SearchAction\",\"target\":{\"@type\":\"EntryPoint\",\"urlTemplate\":\"https:\/\/onyxdevelopment.pl\/osiedle-sztuk-pieknych\/?s={search_term_string}\"},\"query-input\":{\"@type\":\"PropertyValueSpecification\",\"valueRequired\":true,\"valueName\":\"search_term_string\"}}],\"inLanguage\":\"pl-PL\"},{\"@type\":\"Organization\",\"@id\":\"https:\/\/onyxdevelopment.pl\/osiedle-sztuk-pieknych\/#organization\",\"name\":\"Onyx Development\",\"url\":\"https:\/\/onyxdevelopment.pl\/osiedle-sztuk-pieknych\/\",\"logo\":{\"@type\":\"ImageObject\",\"inLanguage\":\"pl-PL\",\"@id\":\"https:\/\/onyxdevelopment.pl\/osiedle-sztuk-pieknych\/#\/schema\/logo\/image\/\",\"url\":\"https:\/\/onyxdevelopment.pl\/osiedle-sztuk-pieknych\/wp-content\/uploads\/2018\/08\/logo-or-big.jpg\",\"contentUrl\":\"https:\/\/onyxdevelopment.pl\/osiedle-sztuk-pieknych\/wp-content\/uploads\/2018\/08\/logo-or-big.jpg\",\"width\":1293,\"height\":496,\"caption\":\"Onyx Development\"},\"image\":{\"@id\":\"https:\/\/onyxdevelopment.pl\/osiedle-sztuk-pieknych\/#\/schema\/logo\/image\/\"},\"sameAs\":[\"https:\/\/www.facebook.com\/onyxdevelopment\/\"]}]}<\/script>\n<!-- \/ Yoast SEO plugin. -->","yoast_head_json":{"title":"Osiedle Sztuk Pi\u0119knych - ONYX Development","description":"Z przyjemno\u015bci\u0105 mo\u017cemy zaprezentowa\u0107 Pa\u0144stwu nasz\u0105 najnowsz\u0105 inwestycj\u0119 mieszkaniow\u0105 Osiedle Sztuk Pi\u0119knych przy ulicy Grottgera\/Podchor\u0105\u017cych w Pile","robots":{"index":"index","follow":"follow","max-snippet":"max-snippet:-1","max-image-preview":"max-image-preview:large","max-video-preview":"max-video-preview:-1"},"canonical":"https:\/\/onyxdevelopment.pl\/osiedle-sztuk-pieknych\/","og_locale":"pl_PL","og_type":"article","og_title":"Osiedle Sztuk Pi\u0119knych w Pile - ONYX Development","og_description":"Pi\u0119kne osiedle z artystycznym rysem po\u0142o\u017cone pomi\u0119dzy ulic\u0105 Podchor\u0105\u017cych i Grottgera. 93 mieszkania i apartamenty z ogr\u00f3dkami lub du\u017cymi tarasami w 4 budynkach zlokalizowanych w s\u0105siedztwie Aquaparku, us\u0142ug i linii MZK.","og_url":"https:\/\/onyxdevelopment.pl\/osiedle-sztuk-pieknych\/","og_site_name":"Osiedle Sztuk Pi\u0119knych","article_publisher":"https:\/\/www.facebook.com\/onyxdevelopment\/","article_modified_time":"2021-06-26T15:12:32+00:00","og_image":[{"width":1024,"height":576,"url":"https:\/\/onyxdevelopment.pl\/osiedle-sztuk-pieknych\/wp-content\/uploads\/2021\/06\/AKSO-strona-1024x576.png","type":"image\/png"}],"twitter_card":"summary_large_image","schema":{"@context":"https:\/\/schema.org","@graph":[{"@type":"WebPage","@id":"https:\/\/onyxdevelopment.pl\/osiedle-sztuk-pieknych\/","url":"https:\/\/onyxdevelopment.pl\/osiedle-sztuk-pieknych\/","name":"Osiedle Sztuk Pi\u0119knych - ONYX Development","isPartOf":{"@id":"https:\/\/onyxdevelopment.pl\/osiedle-sztuk-pieknych\/#website"},"primaryImageOfPage":{"@id":"https:\/\/onyxdevelopment.pl\/osiedle-sztuk-pieknych\/#primaryimage"},"image":{"@id":"https:\/\/onyxdevelopment.pl\/osiedle-sztuk-pieknych\/#primaryimage"},"thumbnailUrl":"https:\/\/onyxdevelopment.pl\/osiedle-sztuk-pieknych\/wp-content\/uploads\/2021\/06\/AKSO-strona.png","datePublished":"2018-06-08T13:28:58+00:00","dateModified":"2021-06-26T15:12:32+00:00","description":"Z przyjemno\u015bci\u0105 mo\u017cemy zaprezentowa\u0107 Pa\u0144stwu nasz\u0105 najnowsz\u0105 inwestycj\u0119 mieszkaniow\u0105 Osiedle Sztuk Pi\u0119knych przy ulicy Grottgera\/Podchor\u0105\u017cych w Pile","breadcrumb":{"@id":"https:\/\/onyxdevelopment.pl\/osiedle-sztuk-pieknych\/#breadcrumb"},"inLanguage":"pl-PL","potentialAction":[{"@type":"ReadAction","target":["https:\/\/onyxdevelopment.pl\/osiedle-sztuk-pieknych\/"]}]},{"@type":"ImageObject","inLanguage":"pl-PL","@id":"https:\/\/onyxdevelopment.pl\/osiedle-sztuk-pieknych\/#primaryimage","url":"https:\/\/onyxdevelopment.pl\/osiedle-sztuk-pieknych\/wp-content\/uploads\/2021\/06\/AKSO-strona.png","contentUrl":"https:\/\/onyxdevelopment.pl\/osiedle-sztuk-pieknych\/wp-content\/uploads\/2021\/06\/AKSO-strona.png","width":1920,"height":1080},{"@type":"BreadcrumbList","@id":"https:\/\/onyxdevelopment.pl\/osiedle-sztuk-pieknych\/#breadcrumb","itemListElement":[{"@type":"ListItem","position":1,"name":"Strona g\u0142\u00f3wna","item":"https:\/\/onyxdevelopment.pl\/osiedle-sztuk-pieknych\/"},{"@type":"ListItem","position":2,"name":"Home"}]},{"@type":"WebSite","@id":"https:\/\/onyxdevelopment.pl\/osiedle-sztuk-pieknych\/#website","url":"https:\/\/onyxdevelopment.pl\/osiedle-sztuk-pieknych\/","name":"Osiedle Sztuk Pi\u0119knych","description":"ONYX Development","publisher":{"@id":"https:\/\/onyxdevelopment.pl\/osiedle-sztuk-pieknych\/#organization"},"potentialAction":[{"@type":"SearchAction","target":{"@type":"EntryPoint","urlTemplate":"https:\/\/onyxdevelopment.pl\/osiedle-sztuk-pieknych\/?s={search_term_string}"},"query-input":{"@type":"PropertyValueSpecification","valueRequired":true,"valueName":"search_term_string"}}],"inLanguage":"pl-PL"},{"@type":"Organization","@id":"https:\/\/onyxdevelopment.pl\/osiedle-sztuk-pieknych\/#organization","name":"Onyx Development","url":"https:\/\/onyxdevelopment.pl\/osiedle-sztuk-pieknych\/","logo":{"@type":"ImageObject","inLanguage":"pl-PL","@id":"https:\/\/onyxdevelopment.pl\/osiedle-sztuk-pieknych\/#\/schema\/logo\/image\/","url":"https:\/\/onyxdevelopment.pl\/osiedle-sztuk-pieknych\/wp-content\/uploads\/2018\/08\/logo-or-big.jpg","contentUrl":"https:\/\/onyxdevelopment.pl\/osiedle-sztuk-pieknych\/wp-content\/uploads\/2018\/08\/logo-or-big.jpg","width":1293,"height":496,"caption":"Onyx Development"},"image":{"@id":"https:\/\/onyxdevelopment.pl\/osiedle-sztuk-pieknych\/#\/schema\/logo\/image\/"},"sameAs":["https:\/\/www.facebook.com\/onyxdevelopment\/"]}]}},"_links":{"self":[{"href":"https:\/\/onyxdevelopment.pl\/osiedle-sztuk-pieknych\/wp-json\/wp\/v2\/pages\/8","targetHints":{"allow":["GET"]}}],"collection":[{"href":"https:\/\/onyxdevelopment.pl\/osiedle-sztuk-pieknych\/wp-json\/wp\/v2\/pages"}],"about":[{"href":"https:\/\/onyxdevelopment.pl\/osiedle-sztuk-pieknych\/wp-json\/wp\/v2\/types\/page"}],"author":[{"embeddable":true,"href":"https:\/\/onyxdevelopment.pl\/osiedle-sztuk-pieknych\/wp-json\/wp\/v2\/users\/1"}],"replies":[{"embeddable":true,"href":"https:\/\/onyxdevelopment.pl\/osiedle-sztuk-pieknych\/wp-json\/wp\/v2\/comments?post=8"}],"version-history":[{"count":47,"href":"https:\/\/onyxdevelopment.pl\/osiedle-sztuk-pieknych\/wp-json\/wp\/v2\/pages\/8\/revisions"}],"predecessor-version":[{"id":3263,"href":"https:\/\/onyxdevelopment.pl\/osiedle-sztuk-pieknych\/wp-json\/wp\/v2\/pages\/8\/revisions\/3263"}],"wp:featuredmedia":[{"embeddable":true,"href":"https:\/\/onyxdevelopment.pl\/osiedle-sztuk-pieknych\/wp-json\/wp\/v2\/media\/3131"}],"wp:attachment":[{"href":"https:\/\/onyxdevelopment.pl\/osiedle-sztuk-pieknych\/wp-json\/wp\/v2\/media?parent=8"}],"curies":[{"name":"wp","href":"https:\/\/api.w.org\/{rel}","templated":true}]}}