{"id":8,"date":"2018-06-08T15:28:58","date_gmt":"2018-06-08T13:28:58","guid":{"rendered":"https:\/\/onyxdevelopment.pl\/osiedle-konstancji\/?page_id=8"},"modified":"2023-04-12T12:01:11","modified_gmt":"2023-04-12T10:01:11","slug":"home","status":"publish","type":"page","link":"https:\/\/onyxdevelopment.pl\/osiedle-konstancji\/","title":{"rendered":"Home"},"content":{"rendered":"<p>Inwestycja jest podzielona na dwa etapy, z kt\u00f3rych pierwszy zosta\u0142 zrealizowany w terminie do dnia 31 lipca 2021 r., natomiast drugi w terminie do dnia 31 lipca 2022 r.<br \/>\nW pierwszym etapie powsta\u0142 zesp\u00f3\u0142 pi\u0119ciu budynk\u00f3w wielorodzinnych w zwartej zabudowie licz\u0105cych w sumie 76 mieszka\u0144 oraz hala gara\u017cowa schowana pod cz\u0119\u015bci\u0105 dziedzi\u0144ca.<br \/>\nW drugim etapie wybudowano zesp\u00f3\u0142 czterech budynk\u00f3w wielorodzinnych licz\u0105cych w sumie 52 mieszkania oraz 14 niezale\u017cnych gara\u017cy.<\/p>\n","protected":false},"excerpt":{"rendered":"<p>Inwestycja jest podzielona na dwa etapy, z kt\u00f3rych pierwszy zosta\u0142 zrealizowany w terminie do dnia 31 lipca 2021 r., natomiast drugi w terminie do dnia 31 lipca 2022 r. W pierwszym etapie powsta\u0142 zesp\u00f3\u0142 pi\u0119ciu budynk\u00f3w wielorodzinnych w zwartej zabudowie licz\u0105cych w sumie 76 mieszka\u0144 oraz hala gara\u017cowa schowana pod cz\u0119\u015bci\u0105 dziedzi\u0144ca. W drugim etapie [&hellip;]<\/p>\n","protected":false},"author":1,"featured_media":0,"parent":0,"menu_order":0,"comment_status":"closed","ping_status":"closed","template":"home-page.php","meta":{"footnotes":""},"class_list":["post-8","page","type-page","status-publish","hentry"],"yoast_head":"<!-- This site is optimized with the Yoast SEO plugin v24.5 - https:\/\/yoast.com\/wordpress\/plugins\/seo\/ -->\n<title>Osiedle Konstancji Pi\u0142a - ONYX Development<\/title>\n<meta name=\"description\" content=\"W dw\u00f3ch etapach budujemy blisko 100 mieszka\u0144 w najbardziej po\u017c\u0105danej przez pilan lokalizacji - na Zielonej Dolinie. Etap I zosta\u0142 ju\u017c oddany w lipcu 2021 roku. Obecnie trawa sprzeda\u017c etapu II. W bie\u017c\u0105cej ofercie mieszkania 2-pokojowe oraz 4 pokojowe.\" \/>\n<meta name=\"robots\" content=\"index, follow, max-snippet:-1, max-image-preview:large, max-video-preview:-1\" \/>\n<link rel=\"canonical\" href=\"https:\/\/onyxdevelopment.pl\/osiedle-konstancji\/\" \/>\n<meta property=\"og:locale\" content=\"pl_PL\" \/>\n<meta property=\"og:type\" content=\"article\" \/>\n<meta property=\"og:title\" content=\"Nowa inwestycja mieszkaniowa Osiedle Konstancji w Pile - ONYX Development\" \/>\n<meta property=\"og:description\" content=\"Inwestycja jest podzielona na dwa etapy, z kt\u00f3rych pierwszy zostanie zrealizowany w terminie do dnia 30 czerwca 2021r., natomiast drugi w terminie do dnia 30 czerwca 2022r. W pierwszym etapie powstanie zesp\u00f3\u0142 pi\u0119ciu budynk\u00f3w wielorodzinnych w zwartej zabudowie licz\u0105cych w sumie 76 mieszka\u0144.\" \/>\n<meta property=\"og:url\" content=\"https:\/\/onyxdevelopment.pl\/osiedle-konstancji\/\" \/>\n<meta property=\"og:site_name\" content=\"Osiedle Konstancji Pi\u0142a\" \/>\n<meta property=\"article:publisher\" content=\"https:\/\/www.facebook.com\/onyxdevelopment\/\" \/>\n<meta property=\"article:modified_time\" content=\"2023-04-12T10:01:11+00:00\" \/>\n<meta name=\"twitter:card\" content=\"summary_large_image\" \/>\n<script type=\"application\/ld+json\" class=\"yoast-schema-graph\">{\"@context\":\"https:\/\/schema.org\",\"@graph\":[{\"@type\":\"WebPage\",\"@id\":\"https:\/\/onyxdevelopment.pl\/osiedle-konstancji\/\",\"url\":\"https:\/\/onyxdevelopment.pl\/osiedle-konstancji\/\",\"name\":\"Osiedle Konstancji Pi\u0142a - ONYX Development\",\"isPartOf\":{\"@id\":\"https:\/\/onyxdevelopment.pl\/osiedle-konstancji\/#website\"},\"datePublished\":\"2018-06-08T13:28:58+00:00\",\"dateModified\":\"2023-04-12T10:01:11+00:00\",\"description\":\"W dw\u00f3ch etapach budujemy blisko 100 mieszka\u0144 w najbardziej po\u017c\u0105danej przez pilan lokalizacji - na Zielonej Dolinie. Etap I zosta\u0142 ju\u017c oddany w lipcu 2021 roku. Obecnie trawa sprzeda\u017c etapu II. W bie\u017c\u0105cej ofercie mieszkania 2-pokojowe oraz 4 pokojowe.\",\"breadcrumb\":{\"@id\":\"https:\/\/onyxdevelopment.pl\/osiedle-konstancji\/#breadcrumb\"},\"inLanguage\":\"pl-PL\",\"potentialAction\":[{\"@type\":\"ReadAction\",\"target\":[\"https:\/\/onyxdevelopment.pl\/osiedle-konstancji\/\"]}]},{\"@type\":\"BreadcrumbList\",\"@id\":\"https:\/\/onyxdevelopment.pl\/osiedle-konstancji\/#breadcrumb\",\"itemListElement\":[{\"@type\":\"ListItem\",\"position\":1,\"name\":\"Strona g\u0142\u00f3wna\",\"item\":\"https:\/\/onyxdevelopment.pl\/osiedle-konstancji\/\"},{\"@type\":\"ListItem\",\"position\":2,\"name\":\"Home\"}]},{\"@type\":\"WebSite\",\"@id\":\"https:\/\/onyxdevelopment.pl\/osiedle-konstancji\/#website\",\"url\":\"https:\/\/onyxdevelopment.pl\/osiedle-konstancji\/\",\"name\":\"Osiedle Konstancji Pi\u0142a\",\"description\":\"ONYX Development\",\"publisher\":{\"@id\":\"https:\/\/onyxdevelopment.pl\/osiedle-konstancji\/#organization\"},\"potentialAction\":[{\"@type\":\"SearchAction\",\"target\":{\"@type\":\"EntryPoint\",\"urlTemplate\":\"https:\/\/onyxdevelopment.pl\/osiedle-konstancji\/?s={search_term_string}\"},\"query-input\":{\"@type\":\"PropertyValueSpecification\",\"valueRequired\":true,\"valueName\":\"search_term_string\"}}],\"inLanguage\":\"pl-PL\"},{\"@type\":\"Organization\",\"@id\":\"https:\/\/onyxdevelopment.pl\/osiedle-konstancji\/#organization\",\"name\":\"Onyx Development\",\"url\":\"https:\/\/onyxdevelopment.pl\/osiedle-konstancji\/\",\"logo\":{\"@type\":\"ImageObject\",\"inLanguage\":\"pl-PL\",\"@id\":\"https:\/\/onyxdevelopment.pl\/osiedle-konstancji\/#\/schema\/logo\/image\/\",\"url\":\"https:\/\/onyxdevelopment.pl\/osiedle-konstancji\/wp-content\/uploads\/2018\/08\/logo-or-big.jpg\",\"contentUrl\":\"https:\/\/onyxdevelopment.pl\/osiedle-konstancji\/wp-content\/uploads\/2018\/08\/logo-or-big.jpg\",\"width\":1293,\"height\":496,\"caption\":\"Onyx Development\"},\"image\":{\"@id\":\"https:\/\/onyxdevelopment.pl\/osiedle-konstancji\/#\/schema\/logo\/image\/\"},\"sameAs\":[\"https:\/\/www.facebook.com\/onyxdevelopment\/\"]}]}<\/script>\n<!-- \/ Yoast SEO plugin. -->","yoast_head_json":{"title":"Osiedle Konstancji Pi\u0142a - ONYX Development","description":"W dw\u00f3ch etapach budujemy blisko 100 mieszka\u0144 w najbardziej po\u017c\u0105danej przez pilan lokalizacji - na Zielonej Dolinie. Etap I zosta\u0142 ju\u017c oddany w lipcu 2021 roku. Obecnie trawa sprzeda\u017c etapu II. W bie\u017c\u0105cej ofercie mieszkania 2-pokojowe oraz 4 pokojowe.","robots":{"index":"index","follow":"follow","max-snippet":"max-snippet:-1","max-image-preview":"max-image-preview:large","max-video-preview":"max-video-preview:-1"},"canonical":"https:\/\/onyxdevelopment.pl\/osiedle-konstancji\/","og_locale":"pl_PL","og_type":"article","og_title":"Nowa inwestycja mieszkaniowa Osiedle Konstancji w Pile - ONYX Development","og_description":"Inwestycja jest podzielona na dwa etapy, z kt\u00f3rych pierwszy zostanie zrealizowany w terminie do dnia 30 czerwca 2021r., natomiast drugi w terminie do dnia 30 czerwca 2022r. W pierwszym etapie powstanie zesp\u00f3\u0142 pi\u0119ciu budynk\u00f3w wielorodzinnych w zwartej zabudowie licz\u0105cych w sumie 76 mieszka\u0144.","og_url":"https:\/\/onyxdevelopment.pl\/osiedle-konstancji\/","og_site_name":"Osiedle Konstancji Pi\u0142a","article_publisher":"https:\/\/www.facebook.com\/onyxdevelopment\/","article_modified_time":"2023-04-12T10:01:11+00:00","twitter_card":"summary_large_image","schema":{"@context":"https:\/\/schema.org","@graph":[{"@type":"WebPage","@id":"https:\/\/onyxdevelopment.pl\/osiedle-konstancji\/","url":"https:\/\/onyxdevelopment.pl\/osiedle-konstancji\/","name":"Osiedle Konstancji Pi\u0142a - ONYX Development","isPartOf":{"@id":"https:\/\/onyxdevelopment.pl\/osiedle-konstancji\/#website"},"datePublished":"2018-06-08T13:28:58+00:00","dateModified":"2023-04-12T10:01:11+00:00","description":"W dw\u00f3ch etapach budujemy blisko 100 mieszka\u0144 w najbardziej po\u017c\u0105danej przez pilan lokalizacji - na Zielonej Dolinie. Etap I zosta\u0142 ju\u017c oddany w lipcu 2021 roku. Obecnie trawa sprzeda\u017c etapu II. W bie\u017c\u0105cej ofercie mieszkania 2-pokojowe oraz 4 pokojowe.","breadcrumb":{"@id":"https:\/\/onyxdevelopment.pl\/osiedle-konstancji\/#breadcrumb"},"inLanguage":"pl-PL","potentialAction":[{"@type":"ReadAction","target":["https:\/\/onyxdevelopment.pl\/osiedle-konstancji\/"]}]},{"@type":"BreadcrumbList","@id":"https:\/\/onyxdevelopment.pl\/osiedle-konstancji\/#breadcrumb","itemListElement":[{"@type":"ListItem","position":1,"name":"Strona g\u0142\u00f3wna","item":"https:\/\/onyxdevelopment.pl\/osiedle-konstancji\/"},{"@type":"ListItem","position":2,"name":"Home"}]},{"@type":"WebSite","@id":"https:\/\/onyxdevelopment.pl\/osiedle-konstancji\/#website","url":"https:\/\/onyxdevelopment.pl\/osiedle-konstancji\/","name":"Osiedle Konstancji Pi\u0142a","description":"ONYX Development","publisher":{"@id":"https:\/\/onyxdevelopment.pl\/osiedle-konstancji\/#organization"},"potentialAction":[{"@type":"SearchAction","target":{"@type":"EntryPoint","urlTemplate":"https:\/\/onyxdevelopment.pl\/osiedle-konstancji\/?s={search_term_string}"},"query-input":{"@type":"PropertyValueSpecification","valueRequired":true,"valueName":"search_term_string"}}],"inLanguage":"pl-PL"},{"@type":"Organization","@id":"https:\/\/onyxdevelopment.pl\/osiedle-konstancji\/#organization","name":"Onyx Development","url":"https:\/\/onyxdevelopment.pl\/osiedle-konstancji\/","logo":{"@type":"ImageObject","inLanguage":"pl-PL","@id":"https:\/\/onyxdevelopment.pl\/osiedle-konstancji\/#\/schema\/logo\/image\/","url":"https:\/\/onyxdevelopment.pl\/osiedle-konstancji\/wp-content\/uploads\/2018\/08\/logo-or-big.jpg","contentUrl":"https:\/\/onyxdevelopment.pl\/osiedle-konstancji\/wp-content\/uploads\/2018\/08\/logo-or-big.jpg","width":1293,"height":496,"caption":"Onyx Development"},"image":{"@id":"https:\/\/onyxdevelopment.pl\/osiedle-konstancji\/#\/schema\/logo\/image\/"},"sameAs":["https:\/\/www.facebook.com\/onyxdevelopment\/"]}]}},"_links":{"self":[{"href":"https:\/\/onyxdevelopment.pl\/osiedle-konstancji\/wp-json\/wp\/v2\/pages\/8","targetHints":{"allow":["GET"]}}],"collection":[{"href":"https:\/\/onyxdevelopment.pl\/osiedle-konstancji\/wp-json\/wp\/v2\/pages"}],"about":[{"href":"https:\/\/onyxdevelopment.pl\/osiedle-konstancji\/wp-json\/wp\/v2\/types\/page"}],"author":[{"embeddable":true,"href":"https:\/\/onyxdevelopment.pl\/osiedle-konstancji\/wp-json\/wp\/v2\/users\/1"}],"replies":[{"embeddable":true,"href":"https:\/\/onyxdevelopment.pl\/osiedle-konstancji\/wp-json\/wp\/v2\/comments?post=8"}],"version-history":[{"count":13,"href":"https:\/\/onyxdevelopment.pl\/osiedle-konstancji\/wp-json\/wp\/v2\/pages\/8\/revisions"}],"predecessor-version":[{"id":1997,"href":"https:\/\/onyxdevelopment.pl\/osiedle-konstancji\/wp-json\/wp\/v2\/pages\/8\/revisions\/1997"}],"wp:attachment":[{"href":"https:\/\/onyxdevelopment.pl\/osiedle-konstancji\/wp-json\/wp\/v2\/media?parent=8"}],"curies":[{"name":"wp","href":"https:\/\/api.w.org\/{rel}","templated":true}]}}