{"id":997,"date":"2019-05-14T08:19:10","date_gmt":"2019-05-14T06:19:10","guid":{"rendered":"https:\/\/onyxdevelopment.pl\/onyx-gdynia\/?page_id=997"},"modified":"2021-03-23T16:34:10","modified_gmt":"2021-03-23T15:34:10","slug":"o-nas","status":"publish","type":"page","link":"https:\/\/onyxdevelopment.pl\/onyx-gdynia\/o-nas\/","title":{"rendered":"O nas"},"content":{"rendered":"<p style=\"text-align: justify;\">Grupa kapita\u0142owa ONYX DEVELOPMENT powsta\u0142a w 2017 celem realizacji inwestycji deweloperskich w sektorze budownictwa mieszkaniowego \u2013 \u00a0wielo i jednorodzinnego oraz inwestycji komercyjnych.\u00a0Tworz\u0105 j\u0105 ludzie ceni\u0105cy pi\u0119kno architektury i staranno\u015b\u0107 wykonania.\u00a0Oferta mieszkaniowa sp\u00f3\u0142ek z grupy ONYX DEVELOPMENT cechuje si\u0119 staranno\u015bci\u0105 wyboru najlepszych lokalizacji oraz dba\u0142o\u015bci\u0105 o detale.\u00a0Nasze budynki wyprzedzaj\u0105 standardy rynkowe w zakresie jako\u015bci wyko\u0144czenia, funkcjonalno\u015bci i ekologii.<\/p>\n","protected":false},"excerpt":{"rendered":"<p>Grupa kapita\u0142owa ONYX DEVELOPMENT powsta\u0142a w 2017 celem realizacji inwestycji deweloperskich w sektorze budownictwa mieszkaniowego \u2013 \u00a0wielo i jednorodzinnego oraz inwestycji komercyjnych.\u00a0Tworz\u0105 j\u0105 ludzie ceni\u0105cy pi\u0119kno architektury i staranno\u015b\u0107 wykonania.\u00a0Oferta mieszkaniowa sp\u00f3\u0142ek z grupy ONYX DEVELOPMENT cechuje si\u0119 staranno\u015bci\u0105 wyboru najlepszych lokalizacji oraz dba\u0142o\u015bci\u0105 o detale.\u00a0Nasze budynki wyprzedzaj\u0105 standardy rynkowe w zakresie jako\u015bci wyko\u0144czenia, funkcjonalno\u015bci [&hellip;]<\/p>\n","protected":false},"author":1,"featured_media":0,"parent":0,"menu_order":32,"comment_status":"closed","ping_status":"closed","template":"","meta":{"footnotes":""},"class_list":["post-997","page","type-page","status-publish","hentry"],"_links":{"self":[{"href":"https:\/\/onyxdevelopment.pl\/onyx-gdynia\/wp-json\/wp\/v2\/pages\/997","targetHints":{"allow":["GET"]}}],"collection":[{"href":"https:\/\/onyxdevelopment.pl\/onyx-gdynia\/wp-json\/wp\/v2\/pages"}],"about":[{"href":"https:\/\/onyxdevelopment.pl\/onyx-gdynia\/wp-json\/wp\/v2\/types\/page"}],"author":[{"embeddable":true,"href":"https:\/\/onyxdevelopment.pl\/onyx-gdynia\/wp-json\/wp\/v2\/users\/1"}],"replies":[{"embeddable":true,"href":"https:\/\/onyxdevelopment.pl\/onyx-gdynia\/wp-json\/wp\/v2\/comments?post=997"}],"version-history":[{"count":17,"href":"https:\/\/onyxdevelopment.pl\/onyx-gdynia\/wp-json\/wp\/v2\/pages\/997\/revisions"}],"predecessor-version":[{"id":2231,"href":"https:\/\/onyxdevelopment.pl\/onyx-gdynia\/wp-json\/wp\/v2\/pages\/997\/revisions\/2231"}],"wp:attachment":[{"href":"https:\/\/onyxdevelopment.pl\/onyx-gdynia\/wp-json\/wp\/v2\/media?parent=997"}],"curies":[{"name":"wp","href":"https:\/\/api.w.org\/{rel}","templated":true}]}}