{"id":24,"date":"2018-06-12T10:27:49","date_gmt":"2018-06-12T08:27:49","guid":{"rendered":"https:\/\/onyxdevelopment.pl\/onyx-gdynia\/?page_id=24"},"modified":"2021-04-13T17:00:16","modified_gmt":"2021-04-13T15:00:16","slug":"kontakt","status":"publish","type":"page","link":"https:\/\/onyxdevelopment.pl\/onyx-gdynia\/kontakt\/","title":{"rendered":"Kontakt"},"content":{"rendered":"<h3>Biuro sprzeda\u017cy:<\/h3>\n<p><strong>Prestige Apartments<\/strong><\/p>\n<p>Karolina Kulis<br \/>\ntel.: +48 503 015 085<\/p>\n<p>Marlena Chyli\u0144ska<br \/>\ntel.: +48 500 456 324<\/p>\n<p>ul. Piastowska 165, 80-358 Gda\u0144sk<br \/>\nbiuro@prestige-apartments.pl<\/p>\n<p>&nbsp;<\/p>\n<h3>Inwestor:<\/h3>\n<p>ONYX Development Sp. z o.o. Sp. k.<br \/>\nul. dr Franciszka Witaszka 6, 64-920 Pi\u0142a<\/p>\n<p>tel.: +48 731 102 103<\/p>\n<p>e-mail:\u00a0<a href=\"mailto:biuro@studio-nieruchomosci.com\">biuro@onyxdevelopment.pl<\/a><\/p>\n<p>&nbsp;<\/p>\n<p>&nbsp;<\/p>\n","protected":false},"excerpt":{"rendered":"<p>Biuro sprzeda\u017cy: Prestige Apartments Karolina Kulis tel.: +48 503 015 085 Marlena Chyli\u0144ska tel.: +48 500 456 324 ul. Piastowska 165, 80-358 Gda\u0144sk biuro@prestige-apartments.pl &nbsp; Inwestor: ONYX Development Sp. z o.o. Sp. k. ul. dr Franciszka Witaszka 6, 64-920 Pi\u0142a tel.: +48 731 102 103 e-mail:\u00a0biuro@onyxdevelopment.pl &nbsp; &nbsp;<\/p>\n","protected":false},"author":1,"featured_media":0,"parent":0,"menu_order":6,"comment_status":"closed","ping_status":"closed","template":"page-contact.php","meta":{"footnotes":""},"class_list":["post-24","page","type-page","status-publish","hentry"],"_links":{"self":[{"href":"https:\/\/onyxdevelopment.pl\/onyx-gdynia\/wp-json\/wp\/v2\/pages\/24","targetHints":{"allow":["GET"]}}],"collection":[{"href":"https:\/\/onyxdevelopment.pl\/onyx-gdynia\/wp-json\/wp\/v2\/pages"}],"about":[{"href":"https:\/\/onyxdevelopment.pl\/onyx-gdynia\/wp-json\/wp\/v2\/types\/page"}],"author":[{"embeddable":true,"href":"https:\/\/onyxdevelopment.pl\/onyx-gdynia\/wp-json\/wp\/v2\/users\/1"}],"replies":[{"embeddable":true,"href":"https:\/\/onyxdevelopment.pl\/onyx-gdynia\/wp-json\/wp\/v2\/comments?post=24"}],"version-history":[{"count":25,"href":"https:\/\/onyxdevelopment.pl\/onyx-gdynia\/wp-json\/wp\/v2\/pages\/24\/revisions"}],"predecessor-version":[{"id":2200,"href":"https:\/\/onyxdevelopment.pl\/onyx-gdynia\/wp-json\/wp\/v2\/pages\/24\/revisions\/2200"}],"wp:attachment":[{"href":"https:\/\/onyxdevelopment.pl\/onyx-gdynia\/wp-json\/wp\/v2\/media?parent=24"}],"curies":[{"name":"wp","href":"https:\/\/api.w.org\/{rel}","templated":true}]}}