{"id":997,"date":"2019-05-14T08:19:10","date_gmt":"2019-05-14T06:19:10","guid":{"rendered":"https:\/\/onyxdevelopment.pl\/nowa-fregata\/?page_id=997"},"modified":"2021-01-13T17:46:08","modified_gmt":"2021-01-13T16:46:08","slug":"o-nas","status":"publish","type":"page","link":"https:\/\/onyxdevelopment.pl\/nowa-fregata\/o-nas\/","title":{"rendered":"O nas"},"content":{"rendered":"<p>Grupa kapita\u0142owa ONYX DEVELOPMENT powsta\u0142a w 2017 celem realizacji inwestycji deweloperskich w sektorze budownictwa mieszkaniowego &#8211; \u00a0wielo i jednorodzinnego oraz inwestycji komercyjnych.\u00a0Tworz\u0105 j\u0105 ludzie ceni\u0105cy pi\u0119kno architektury i staranno\u015b\u0107 wykonania.\u00a0Oferta mieszkaniowa sp\u00f3\u0142ek z grupy ONYX DEVELOPMENT cechuje si\u0119 staranno\u015bci\u0105 wyboru najlepszych lokalizacji oraz dba\u0142o\u015bci\u0105 o detale.\u00a0Nasze budynki wyprzedzaj\u0105 standardy rynkowe w zakresie jako\u015bci wyko\u0144czenia, funkcjonalno\u015bci i ekologii.<\/p>\n","protected":false},"excerpt":{"rendered":"<p>Grupa kapita\u0142owa ONYX DEVELOPMENT powsta\u0142a w 2017 celem realizacji inwestycji deweloperskich w sektorze budownictwa mieszkaniowego &#8211; \u00a0wielo i jednorodzinnego oraz inwestycji komercyjnych.\u00a0Tworz\u0105 j\u0105 ludzie ceni\u0105cy pi\u0119kno architektury i staranno\u015b\u0107 wykonania.\u00a0Oferta mieszkaniowa sp\u00f3\u0142ek z grupy ONYX DEVELOPMENT cechuje si\u0119 staranno\u015bci\u0105 wyboru najlepszych lokalizacji oraz dba\u0142o\u015bci\u0105 o detale.\u00a0Nasze budynki wyprzedzaj\u0105 standardy rynkowe w zakresie jako\u015bci wyko\u0144czenia, funkcjonalno\u015bci [&hellip;]<\/p>\n","protected":false},"author":1,"featured_media":0,"parent":0,"menu_order":1,"comment_status":"closed","ping_status":"closed","template":"page-about.php","meta":{"footnotes":""},"class_list":["post-997","page","type-page","status-publish","hentry"],"yoast_head":"<!-- This site is optimized with the Yoast SEO plugin v24.8.1 - https:\/\/yoast.com\/wordpress\/plugins\/seo\/ -->\n<title>O nas - Nowa Fregata Inowroc\u0142aw<\/title>\n<meta name=\"robots\" content=\"index, follow, max-snippet:-1, max-image-preview:large, max-video-preview:-1\" \/>\n<link rel=\"canonical\" href=\"https:\/\/onyxdevelopment.pl\/nowa-fregata\/o-nas\/\" \/>\n<meta property=\"og:locale\" content=\"pl_PL\" \/>\n<meta property=\"og:type\" content=\"article\" \/>\n<meta property=\"og:title\" content=\"O nas - Nowa Fregata Inowroc\u0142aw\" \/>\n<meta property=\"og:description\" content=\"Grupa kapita\u0142owa ONYX DEVELOPMENT powsta\u0142a w 2017 celem realizacji inwestycji deweloperskich w sektorze budownictwa mieszkaniowego &#8211; \u00a0wielo i jednorodzinnego oraz inwestycji komercyjnych.\u00a0Tworz\u0105 j\u0105 ludzie ceni\u0105cy pi\u0119kno architektury i staranno\u015b\u0107 wykonania.\u00a0Oferta mieszkaniowa sp\u00f3\u0142ek z grupy ONYX DEVELOPMENT cechuje si\u0119 staranno\u015bci\u0105 wyboru najlepszych lokalizacji oraz dba\u0142o\u015bci\u0105 o detale.\u00a0Nasze budynki wyprzedzaj\u0105 standardy rynkowe w zakresie jako\u015bci wyko\u0144czenia, funkcjonalno\u015bci [&hellip;]\" \/>\n<meta property=\"og:url\" content=\"https:\/\/onyxdevelopment.pl\/nowa-fregata\/o-nas\/\" \/>\n<meta property=\"og:site_name\" content=\"Nowa Fregata Inowroc\u0142aw\" \/>\n<meta property=\"article:publisher\" content=\"https:\/\/www.facebook.com\/onyxdevelopment\/\" \/>\n<meta property=\"article:modified_time\" content=\"2021-01-13T16:46:08+00:00\" \/>\n<meta name=\"twitter:card\" content=\"summary_large_image\" \/>\n<script type=\"application\/ld+json\" class=\"yoast-schema-graph\">{\"@context\":\"https:\/\/schema.org\",\"@graph\":[{\"@type\":\"WebPage\",\"@id\":\"https:\/\/onyxdevelopment.pl\/nowa-fregata\/o-nas\/\",\"url\":\"https:\/\/onyxdevelopment.pl\/nowa-fregata\/o-nas\/\",\"name\":\"O nas - Nowa Fregata Inowroc\u0142aw\",\"isPartOf\":{\"@id\":\"https:\/\/onyxdevelopment.pl\/nowa-fregata\/#website\"},\"datePublished\":\"2019-05-14T06:19:10+00:00\",\"dateModified\":\"2021-01-13T16:46:08+00:00\",\"breadcrumb\":{\"@id\":\"https:\/\/onyxdevelopment.pl\/nowa-fregata\/o-nas\/#breadcrumb\"},\"inLanguage\":\"pl-PL\",\"potentialAction\":[{\"@type\":\"ReadAction\",\"target\":[\"https:\/\/onyxdevelopment.pl\/nowa-fregata\/o-nas\/\"]}]},{\"@type\":\"BreadcrumbList\",\"@id\":\"https:\/\/onyxdevelopment.pl\/nowa-fregata\/o-nas\/#breadcrumb\",\"itemListElement\":[{\"@type\":\"ListItem\",\"position\":1,\"name\":\"Strona g\u0142\u00f3wna\",\"item\":\"https:\/\/onyxdevelopment.pl\/nowa-fregata\/\"},{\"@type\":\"ListItem\",\"position\":2,\"name\":\"O nas\"}]},{\"@type\":\"WebSite\",\"@id\":\"https:\/\/onyxdevelopment.pl\/nowa-fregata\/#website\",\"url\":\"https:\/\/onyxdevelopment.pl\/nowa-fregata\/\",\"name\":\"Nowa Fregata Inowroc\u0142aw\",\"description\":\"ONYX Development\",\"publisher\":{\"@id\":\"https:\/\/onyxdevelopment.pl\/nowa-fregata\/#organization\"},\"potentialAction\":[{\"@type\":\"SearchAction\",\"target\":{\"@type\":\"EntryPoint\",\"urlTemplate\":\"https:\/\/onyxdevelopment.pl\/nowa-fregata\/?s={search_term_string}\"},\"query-input\":{\"@type\":\"PropertyValueSpecification\",\"valueRequired\":true,\"valueName\":\"search_term_string\"}}],\"inLanguage\":\"pl-PL\"},{\"@type\":\"Organization\",\"@id\":\"https:\/\/onyxdevelopment.pl\/nowa-fregata\/#organization\",\"name\":\"Onyx Development\",\"url\":\"https:\/\/onyxdevelopment.pl\/nowa-fregata\/\",\"logo\":{\"@type\":\"ImageObject\",\"inLanguage\":\"pl-PL\",\"@id\":\"https:\/\/onyxdevelopment.pl\/nowa-fregata\/#\/schema\/logo\/image\/\",\"url\":\"https:\/\/onyxdevelopment.pl\/nowa-fregata\/wp-content\/uploads\/2018\/08\/logo-or-big.jpg\",\"contentUrl\":\"https:\/\/onyxdevelopment.pl\/nowa-fregata\/wp-content\/uploads\/2018\/08\/logo-or-big.jpg\",\"width\":1293,\"height\":496,\"caption\":\"Onyx Development\"},\"image\":{\"@id\":\"https:\/\/onyxdevelopment.pl\/nowa-fregata\/#\/schema\/logo\/image\/\"},\"sameAs\":[\"https:\/\/www.facebook.com\/onyxdevelopment\/\"]}]}<\/script>\n<!-- \/ Yoast SEO plugin. -->","yoast_head_json":{"title":"O nas - Nowa Fregata Inowroc\u0142aw","robots":{"index":"index","follow":"follow","max-snippet":"max-snippet:-1","max-image-preview":"max-image-preview:large","max-video-preview":"max-video-preview:-1"},"canonical":"https:\/\/onyxdevelopment.pl\/nowa-fregata\/o-nas\/","og_locale":"pl_PL","og_type":"article","og_title":"O nas - Nowa Fregata Inowroc\u0142aw","og_description":"Grupa kapita\u0142owa ONYX DEVELOPMENT powsta\u0142a w 2017 celem realizacji inwestycji deweloperskich w sektorze budownictwa mieszkaniowego &#8211; \u00a0wielo i jednorodzinnego oraz inwestycji komercyjnych.\u00a0Tworz\u0105 j\u0105 ludzie ceni\u0105cy pi\u0119kno architektury i staranno\u015b\u0107 wykonania.\u00a0Oferta mieszkaniowa sp\u00f3\u0142ek z grupy ONYX DEVELOPMENT cechuje si\u0119 staranno\u015bci\u0105 wyboru najlepszych lokalizacji oraz dba\u0142o\u015bci\u0105 o detale.\u00a0Nasze budynki wyprzedzaj\u0105 standardy rynkowe w zakresie jako\u015bci wyko\u0144czenia, funkcjonalno\u015bci [&hellip;]","og_url":"https:\/\/onyxdevelopment.pl\/nowa-fregata\/o-nas\/","og_site_name":"Nowa Fregata Inowroc\u0142aw","article_publisher":"https:\/\/www.facebook.com\/onyxdevelopment\/","article_modified_time":"2021-01-13T16:46:08+00:00","twitter_card":"summary_large_image","schema":{"@context":"https:\/\/schema.org","@graph":[{"@type":"WebPage","@id":"https:\/\/onyxdevelopment.pl\/nowa-fregata\/o-nas\/","url":"https:\/\/onyxdevelopment.pl\/nowa-fregata\/o-nas\/","name":"O nas - Nowa Fregata Inowroc\u0142aw","isPartOf":{"@id":"https:\/\/onyxdevelopment.pl\/nowa-fregata\/#website"},"datePublished":"2019-05-14T06:19:10+00:00","dateModified":"2021-01-13T16:46:08+00:00","breadcrumb":{"@id":"https:\/\/onyxdevelopment.pl\/nowa-fregata\/o-nas\/#breadcrumb"},"inLanguage":"pl-PL","potentialAction":[{"@type":"ReadAction","target":["https:\/\/onyxdevelopment.pl\/nowa-fregata\/o-nas\/"]}]},{"@type":"BreadcrumbList","@id":"https:\/\/onyxdevelopment.pl\/nowa-fregata\/o-nas\/#breadcrumb","itemListElement":[{"@type":"ListItem","position":1,"name":"Strona g\u0142\u00f3wna","item":"https:\/\/onyxdevelopment.pl\/nowa-fregata\/"},{"@type":"ListItem","position":2,"name":"O nas"}]},{"@type":"WebSite","@id":"https:\/\/onyxdevelopment.pl\/nowa-fregata\/#website","url":"https:\/\/onyxdevelopment.pl\/nowa-fregata\/","name":"Nowa Fregata Inowroc\u0142aw","description":"ONYX Development","publisher":{"@id":"https:\/\/onyxdevelopment.pl\/nowa-fregata\/#organization"},"potentialAction":[{"@type":"SearchAction","target":{"@type":"EntryPoint","urlTemplate":"https:\/\/onyxdevelopment.pl\/nowa-fregata\/?s={search_term_string}"},"query-input":{"@type":"PropertyValueSpecification","valueRequired":true,"valueName":"search_term_string"}}],"inLanguage":"pl-PL"},{"@type":"Organization","@id":"https:\/\/onyxdevelopment.pl\/nowa-fregata\/#organization","name":"Onyx Development","url":"https:\/\/onyxdevelopment.pl\/nowa-fregata\/","logo":{"@type":"ImageObject","inLanguage":"pl-PL","@id":"https:\/\/onyxdevelopment.pl\/nowa-fregata\/#\/schema\/logo\/image\/","url":"https:\/\/onyxdevelopment.pl\/nowa-fregata\/wp-content\/uploads\/2018\/08\/logo-or-big.jpg","contentUrl":"https:\/\/onyxdevelopment.pl\/nowa-fregata\/wp-content\/uploads\/2018\/08\/logo-or-big.jpg","width":1293,"height":496,"caption":"Onyx Development"},"image":{"@id":"https:\/\/onyxdevelopment.pl\/nowa-fregata\/#\/schema\/logo\/image\/"},"sameAs":["https:\/\/www.facebook.com\/onyxdevelopment\/"]}]}},"_links":{"self":[{"href":"https:\/\/onyxdevelopment.pl\/nowa-fregata\/wp-json\/wp\/v2\/pages\/997","targetHints":{"allow":["GET"]}}],"collection":[{"href":"https:\/\/onyxdevelopment.pl\/nowa-fregata\/wp-json\/wp\/v2\/pages"}],"about":[{"href":"https:\/\/onyxdevelopment.pl\/nowa-fregata\/wp-json\/wp\/v2\/types\/page"}],"author":[{"embeddable":true,"href":"https:\/\/onyxdevelopment.pl\/nowa-fregata\/wp-json\/wp\/v2\/users\/1"}],"replies":[{"embeddable":true,"href":"https:\/\/onyxdevelopment.pl\/nowa-fregata\/wp-json\/wp\/v2\/comments?post=997"}],"version-history":[{"count":24,"href":"https:\/\/onyxdevelopment.pl\/nowa-fregata\/wp-json\/wp\/v2\/pages\/997\/revisions"}],"predecessor-version":[{"id":2443,"href":"https:\/\/onyxdevelopment.pl\/nowa-fregata\/wp-json\/wp\/v2\/pages\/997\/revisions\/2443"}],"wp:attachment":[{"href":"https:\/\/onyxdevelopment.pl\/nowa-fregata\/wp-json\/wp\/v2\/media?parent=997"}],"curies":[{"name":"wp","href":"https:\/\/api.w.org\/{rel}","templated":true}]}}