{"id":24,"date":"2018-06-12T10:27:49","date_gmt":"2018-06-12T08:27:49","guid":{"rendered":"https:\/\/onyxdevelopment.pl\/nowa-fregata\/?page_id=24"},"modified":"2025-06-02T15:47:11","modified_gmt":"2025-06-02T13:47:11","slug":"kontakt","status":"publish","type":"page","link":"https:\/\/onyxdevelopment.pl\/nowa-fregata\/kontakt\/","title":{"rendered":"Kontakt"},"content":{"rendered":"<h3><strong>Biuro sprzeda\u017cy:<\/strong><\/h3>\n<h3>ONYX Development Sp. z o.o. Sp. k.<\/h3>\n<p>ul. dr Franciszka Witaszka 6<br \/>\n64-920 Pi\u0142a<\/p>\n<p>tel.: +48 731 102 103<\/p>\n<p>e-mail: <a href=\"mailto:biuro@studio-nieruchomosci.com\">biuro@onyxdevelopment.pl<\/a><\/p>\n<p>&nbsp;<\/p>\n","protected":false},"excerpt":{"rendered":"<p>Biuro sprzeda\u017cy: ONYX Development Sp. z o.o. Sp. k. ul. dr Franciszka Witaszka 6 64-920 Pi\u0142a tel.: +48 731 102 103 e-mail: biuro@onyxdevelopment.pl &nbsp;<\/p>\n","protected":false},"author":1,"featured_media":0,"parent":0,"menu_order":2,"comment_status":"closed","ping_status":"closed","template":"","meta":{"footnotes":""},"class_list":["post-24","page","type-page","status-publish","hentry"],"yoast_head":"<!-- This site is optimized with the Yoast SEO plugin v24.8.1 - https:\/\/yoast.com\/wordpress\/plugins\/seo\/ -->\n<title>Kontakt - Nowa Fregata Inowroc\u0142aw<\/title>\n<meta name=\"robots\" content=\"index, follow, max-snippet:-1, max-image-preview:large, max-video-preview:-1\" \/>\n<link rel=\"canonical\" href=\"https:\/\/onyxdevelopment.pl\/nowa-fregata\/kontakt\/\" \/>\n<meta property=\"og:locale\" content=\"pl_PL\" \/>\n<meta property=\"og:type\" content=\"article\" \/>\n<meta property=\"og:title\" content=\"Kontakt - Nowa Fregata Inowroc\u0142aw\" \/>\n<meta property=\"og:description\" content=\"Biuro sprzeda\u017cy: ONYX Development Sp. z o.o. Sp. k. ul. dr Franciszka Witaszka 6 64-920 Pi\u0142a tel.: +48 731 102 103 e-mail: biuro@onyxdevelopment.pl &nbsp;\" \/>\n<meta property=\"og:url\" content=\"https:\/\/onyxdevelopment.pl\/nowa-fregata\/kontakt\/\" \/>\n<meta property=\"og:site_name\" content=\"Nowa Fregata Inowroc\u0142aw\" \/>\n<meta property=\"article:publisher\" content=\"https:\/\/www.facebook.com\/onyxdevelopment\/\" \/>\n<meta property=\"article:modified_time\" content=\"2025-06-02T13:47:11+00:00\" \/>\n<meta name=\"twitter:card\" content=\"summary_large_image\" \/>\n<meta name=\"twitter:label1\" content=\"Szacowany czas czytania\" \/>\n\t<meta name=\"twitter:data1\" content=\"1 minuta\" \/>\n<script type=\"application\/ld+json\" class=\"yoast-schema-graph\">{\"@context\":\"https:\/\/schema.org\",\"@graph\":[{\"@type\":\"WebPage\",\"@id\":\"https:\/\/onyxdevelopment.pl\/nowa-fregata\/kontakt\/\",\"url\":\"https:\/\/onyxdevelopment.pl\/nowa-fregata\/kontakt\/\",\"name\":\"Kontakt - Nowa Fregata Inowroc\u0142aw\",\"isPartOf\":{\"@id\":\"https:\/\/onyxdevelopment.pl\/nowa-fregata\/#website\"},\"datePublished\":\"2018-06-12T08:27:49+00:00\",\"dateModified\":\"2025-06-02T13:47:11+00:00\",\"breadcrumb\":{\"@id\":\"https:\/\/onyxdevelopment.pl\/nowa-fregata\/kontakt\/#breadcrumb\"},\"inLanguage\":\"pl-PL\",\"potentialAction\":[{\"@type\":\"ReadAction\",\"target\":[\"https:\/\/onyxdevelopment.pl\/nowa-fregata\/kontakt\/\"]}]},{\"@type\":\"BreadcrumbList\",\"@id\":\"https:\/\/onyxdevelopment.pl\/nowa-fregata\/kontakt\/#breadcrumb\",\"itemListElement\":[{\"@type\":\"ListItem\",\"position\":1,\"name\":\"Strona g\u0142\u00f3wna\",\"item\":\"https:\/\/onyxdevelopment.pl\/nowa-fregata\/\"},{\"@type\":\"ListItem\",\"position\":2,\"name\":\"Kontakt\"}]},{\"@type\":\"WebSite\",\"@id\":\"https:\/\/onyxdevelopment.pl\/nowa-fregata\/#website\",\"url\":\"https:\/\/onyxdevelopment.pl\/nowa-fregata\/\",\"name\":\"Nowa Fregata Inowroc\u0142aw\",\"description\":\"ONYX Development\",\"publisher\":{\"@id\":\"https:\/\/onyxdevelopment.pl\/nowa-fregata\/#organization\"},\"potentialAction\":[{\"@type\":\"SearchAction\",\"target\":{\"@type\":\"EntryPoint\",\"urlTemplate\":\"https:\/\/onyxdevelopment.pl\/nowa-fregata\/?s={search_term_string}\"},\"query-input\":{\"@type\":\"PropertyValueSpecification\",\"valueRequired\":true,\"valueName\":\"search_term_string\"}}],\"inLanguage\":\"pl-PL\"},{\"@type\":\"Organization\",\"@id\":\"https:\/\/onyxdevelopment.pl\/nowa-fregata\/#organization\",\"name\":\"Onyx Development\",\"url\":\"https:\/\/onyxdevelopment.pl\/nowa-fregata\/\",\"logo\":{\"@type\":\"ImageObject\",\"inLanguage\":\"pl-PL\",\"@id\":\"https:\/\/onyxdevelopment.pl\/nowa-fregata\/#\/schema\/logo\/image\/\",\"url\":\"https:\/\/onyxdevelopment.pl\/nowa-fregata\/wp-content\/uploads\/2018\/08\/logo-or-big.jpg\",\"contentUrl\":\"https:\/\/onyxdevelopment.pl\/nowa-fregata\/wp-content\/uploads\/2018\/08\/logo-or-big.jpg\",\"width\":1293,\"height\":496,\"caption\":\"Onyx Development\"},\"image\":{\"@id\":\"https:\/\/onyxdevelopment.pl\/nowa-fregata\/#\/schema\/logo\/image\/\"},\"sameAs\":[\"https:\/\/www.facebook.com\/onyxdevelopment\/\"]}]}<\/script>\n<!-- \/ Yoast SEO plugin. -->","yoast_head_json":{"title":"Kontakt - Nowa Fregata Inowroc\u0142aw","robots":{"index":"index","follow":"follow","max-snippet":"max-snippet:-1","max-image-preview":"max-image-preview:large","max-video-preview":"max-video-preview:-1"},"canonical":"https:\/\/onyxdevelopment.pl\/nowa-fregata\/kontakt\/","og_locale":"pl_PL","og_type":"article","og_title":"Kontakt - Nowa Fregata Inowroc\u0142aw","og_description":"Biuro sprzeda\u017cy: ONYX Development Sp. z o.o. Sp. k. ul. dr Franciszka Witaszka 6 64-920 Pi\u0142a tel.: +48 731 102 103 e-mail: biuro@onyxdevelopment.pl &nbsp;","og_url":"https:\/\/onyxdevelopment.pl\/nowa-fregata\/kontakt\/","og_site_name":"Nowa Fregata Inowroc\u0142aw","article_publisher":"https:\/\/www.facebook.com\/onyxdevelopment\/","article_modified_time":"2025-06-02T13:47:11+00:00","twitter_card":"summary_large_image","twitter_misc":{"Szacowany czas czytania":"1 minuta"},"schema":{"@context":"https:\/\/schema.org","@graph":[{"@type":"WebPage","@id":"https:\/\/onyxdevelopment.pl\/nowa-fregata\/kontakt\/","url":"https:\/\/onyxdevelopment.pl\/nowa-fregata\/kontakt\/","name":"Kontakt - Nowa Fregata Inowroc\u0142aw","isPartOf":{"@id":"https:\/\/onyxdevelopment.pl\/nowa-fregata\/#website"},"datePublished":"2018-06-12T08:27:49+00:00","dateModified":"2025-06-02T13:47:11+00:00","breadcrumb":{"@id":"https:\/\/onyxdevelopment.pl\/nowa-fregata\/kontakt\/#breadcrumb"},"inLanguage":"pl-PL","potentialAction":[{"@type":"ReadAction","target":["https:\/\/onyxdevelopment.pl\/nowa-fregata\/kontakt\/"]}]},{"@type":"BreadcrumbList","@id":"https:\/\/onyxdevelopment.pl\/nowa-fregata\/kontakt\/#breadcrumb","itemListElement":[{"@type":"ListItem","position":1,"name":"Strona g\u0142\u00f3wna","item":"https:\/\/onyxdevelopment.pl\/nowa-fregata\/"},{"@type":"ListItem","position":2,"name":"Kontakt"}]},{"@type":"WebSite","@id":"https:\/\/onyxdevelopment.pl\/nowa-fregata\/#website","url":"https:\/\/onyxdevelopment.pl\/nowa-fregata\/","name":"Nowa Fregata Inowroc\u0142aw","description":"ONYX Development","publisher":{"@id":"https:\/\/onyxdevelopment.pl\/nowa-fregata\/#organization"},"potentialAction":[{"@type":"SearchAction","target":{"@type":"EntryPoint","urlTemplate":"https:\/\/onyxdevelopment.pl\/nowa-fregata\/?s={search_term_string}"},"query-input":{"@type":"PropertyValueSpecification","valueRequired":true,"valueName":"search_term_string"}}],"inLanguage":"pl-PL"},{"@type":"Organization","@id":"https:\/\/onyxdevelopment.pl\/nowa-fregata\/#organization","name":"Onyx Development","url":"https:\/\/onyxdevelopment.pl\/nowa-fregata\/","logo":{"@type":"ImageObject","inLanguage":"pl-PL","@id":"https:\/\/onyxdevelopment.pl\/nowa-fregata\/#\/schema\/logo\/image\/","url":"https:\/\/onyxdevelopment.pl\/nowa-fregata\/wp-content\/uploads\/2018\/08\/logo-or-big.jpg","contentUrl":"https:\/\/onyxdevelopment.pl\/nowa-fregata\/wp-content\/uploads\/2018\/08\/logo-or-big.jpg","width":1293,"height":496,"caption":"Onyx Development"},"image":{"@id":"https:\/\/onyxdevelopment.pl\/nowa-fregata\/#\/schema\/logo\/image\/"},"sameAs":["https:\/\/www.facebook.com\/onyxdevelopment\/"]}]}},"_links":{"self":[{"href":"https:\/\/onyxdevelopment.pl\/nowa-fregata\/wp-json\/wp\/v2\/pages\/24","targetHints":{"allow":["GET"]}}],"collection":[{"href":"https:\/\/onyxdevelopment.pl\/nowa-fregata\/wp-json\/wp\/v2\/pages"}],"about":[{"href":"https:\/\/onyxdevelopment.pl\/nowa-fregata\/wp-json\/wp\/v2\/types\/page"}],"author":[{"embeddable":true,"href":"https:\/\/onyxdevelopment.pl\/nowa-fregata\/wp-json\/wp\/v2\/users\/1"}],"replies":[{"embeddable":true,"href":"https:\/\/onyxdevelopment.pl\/nowa-fregata\/wp-json\/wp\/v2\/comments?post=24"}],"version-history":[{"count":31,"href":"https:\/\/onyxdevelopment.pl\/nowa-fregata\/wp-json\/wp\/v2\/pages\/24\/revisions"}],"predecessor-version":[{"id":2670,"href":"https:\/\/onyxdevelopment.pl\/nowa-fregata\/wp-json\/wp\/v2\/pages\/24\/revisions\/2670"}],"wp:attachment":[{"href":"https:\/\/onyxdevelopment.pl\/nowa-fregata\/wp-json\/wp\/v2\/media?parent=24"}],"curies":[{"name":"wp","href":"https:\/\/api.w.org\/{rel}","templated":true}]}}