{"id":16,"date":"2018-06-11T20:07:52","date_gmt":"2018-06-11T18:07:52","guid":{"rendered":"https:\/\/onyxdevelopment.pl\/nowa-fregata\/?page_id=16"},"modified":"2024-08-25T20:49:18","modified_gmt":"2024-08-25T18:49:18","slug":"lokalizacja","status":"publish","type":"page","link":"https:\/\/onyxdevelopment.pl\/nowa-fregata\/lokalizacja\/","title":{"rendered":"Lokalizacja"},"content":{"rendered":"<div class=\"row\">\n<div class=\"col-12 col-md-6 mb-5 text-center\"><div style=\"width: 3840px;\" class=\"wp-video\"><!--[if lt IE 9]><script>document.createElement('video');<\/script><![endif]-->\n<video class=\"wp-video-shortcode\" id=\"video-16-1\" width=\"3840\" height=\"2160\" preload=\"metadata\" controls=\"controls\"><source type=\"video\/mp4\" src=\"https:\/\/onyxdevelopment.pl\/nowa-fregata\/wp-content\/uploads\/2020\/09\/nowa-fregata-lokalizacja.mp4?_=1\" \/><a href=\"https:\/\/onyxdevelopment.pl\/nowa-fregata\/wp-content\/uploads\/2020\/09\/nowa-fregata-lokalizacja.mp4\">https:\/\/onyxdevelopment.pl\/nowa-fregata\/wp-content\/uploads\/2020\/09\/nowa-fregata-lokalizacja.mp4<\/a><\/video><\/div>\n<\/div>\n<div class=\"col-12 col-md-6 mb-5 text-center\">\n<div id=\"map\" class=\"map-component\"><\/div>\n<\/div>\n<\/div>\n<div class=\"row\">\n<div class=\"col-12 text-center mt-5\">\n<h3 class=\"ihp\"><i class=\"fas fa-mouse-pointer\"><\/i> Sprawd\u017a map\u0119 panoramiczn\u0105 okolicy<\/h3>\n<div class=\"embed-responsive embed-responsive-16by9\">\n  <iframe class=\"embed-responsive-item\" src=\"https:\/\/mapyinwestycji.pl\/deweloperzy\/onyxdevelopment\/nowafregata\/\" allowfullscreen><\/iframe>\n<\/div>\n<style>\n.ihp {\ntext-align: left;\n}\n.ihp:after {display: none !important;}\n.ihp i {\nwidth: 48px;\n    height: 48px;\n    display: inline-flex;\n    background: #FF7F00;\n    color: #fff;\n    align-items: center;\n    justify-content: center;\n    border-radius: 100%;\n    transform: rotate(180deg);\n    margin-right: 15px;\n}<\/p>\n<p>.embed-responsive {\n    position: relative;\n    display: block;\n    width: 100%;\n    padding: 0;\n    overflow: hidden;\n}\n.embed-responsive-16by9::before {\n    padding-top: 56.25%;\n}<\/p>\n<p>.embed-responsive::before {\n    display: block;\n    content: \"\";\n}<\/p>\n<p>.embed-responsive iframe, .embed-responsive object, .embed-responsive video {\n    position: absolute;\n    top: 0;\n    bottom: 0;\n    left: 0;\n    width: 100%;\n    height: 100%;\n    border: 0;\n}\n<\/style>\n<p><script>\nsetTimeout(() => {\nconst videoContainer = document.querySelector('.wp-video-shortcode .mejs-mediaelement');\nconst videoContainerHeight = videoContainer.getBoundingClientRect();\nconst mapComponent = document.querySelector('.map-component');\nmapComponent.style.height = `${videoContainerHeight.height}px`;\nmapComponent.style.minHeight = `${videoContainerHeight.height}px`;\n}, 1000);\n<\/script><\/p>\n<\/div>\n<\/div>\n","protected":false},"excerpt":{"rendered":"<p>Sprawd\u017a map\u0119 panoramiczn\u0105 okolicy<\/p>\n","protected":false},"author":1,"featured_media":0,"parent":0,"menu_order":3,"comment_status":"closed","ping_status":"closed","template":"","meta":{"footnotes":""},"class_list":["post-16","page","type-page","status-publish","hentry"],"yoast_head":"<!-- This site is optimized with the Yoast SEO plugin v24.8.1 - https:\/\/yoast.com\/wordpress\/plugins\/seo\/ -->\n<title>Lokalizacja - Nowa Fregata Inowroc\u0142aw<\/title>\n<meta name=\"robots\" content=\"index, follow, max-snippet:-1, max-image-preview:large, max-video-preview:-1\" \/>\n<link rel=\"canonical\" href=\"https:\/\/onyxdevelopment.pl\/nowa-fregata\/lokalizacja\/\" \/>\n<meta property=\"og:locale\" content=\"pl_PL\" \/>\n<meta property=\"og:type\" content=\"article\" \/>\n<meta property=\"og:title\" content=\"Lokalizacja - Nowa Fregata Inowroc\u0142aw\" \/>\n<meta property=\"og:description\" content=\"Sprawd\u017a map\u0119 panoramiczn\u0105 okolicy\" \/>\n<meta property=\"og:url\" content=\"https:\/\/onyxdevelopment.pl\/nowa-fregata\/lokalizacja\/\" \/>\n<meta property=\"og:site_name\" content=\"Nowa Fregata Inowroc\u0142aw\" \/>\n<meta property=\"article:publisher\" content=\"https:\/\/www.facebook.com\/onyxdevelopment\/\" \/>\n<meta property=\"article:modified_time\" content=\"2024-08-25T18:49:18+00:00\" \/>\n<meta name=\"twitter:card\" content=\"summary_large_image\" \/>\n<script type=\"application\/ld+json\" class=\"yoast-schema-graph\">{\"@context\":\"https:\/\/schema.org\",\"@graph\":[{\"@type\":\"WebPage\",\"@id\":\"https:\/\/onyxdevelopment.pl\/nowa-fregata\/lokalizacja\/\",\"url\":\"https:\/\/onyxdevelopment.pl\/nowa-fregata\/lokalizacja\/\",\"name\":\"Lokalizacja - Nowa Fregata Inowroc\u0142aw\",\"isPartOf\":{\"@id\":\"https:\/\/onyxdevelopment.pl\/nowa-fregata\/#website\"},\"datePublished\":\"2018-06-11T18:07:52+00:00\",\"dateModified\":\"2024-08-25T18:49:18+00:00\",\"breadcrumb\":{\"@id\":\"https:\/\/onyxdevelopment.pl\/nowa-fregata\/lokalizacja\/#breadcrumb\"},\"inLanguage\":\"pl-PL\",\"potentialAction\":[{\"@type\":\"ReadAction\",\"target\":[\"https:\/\/onyxdevelopment.pl\/nowa-fregata\/lokalizacja\/\"]}]},{\"@type\":\"BreadcrumbList\",\"@id\":\"https:\/\/onyxdevelopment.pl\/nowa-fregata\/lokalizacja\/#breadcrumb\",\"itemListElement\":[{\"@type\":\"ListItem\",\"position\":1,\"name\":\"Strona g\u0142\u00f3wna\",\"item\":\"https:\/\/onyxdevelopment.pl\/nowa-fregata\/\"},{\"@type\":\"ListItem\",\"position\":2,\"name\":\"Lokalizacja\"}]},{\"@type\":\"WebSite\",\"@id\":\"https:\/\/onyxdevelopment.pl\/nowa-fregata\/#website\",\"url\":\"https:\/\/onyxdevelopment.pl\/nowa-fregata\/\",\"name\":\"Nowa Fregata Inowroc\u0142aw\",\"description\":\"ONYX Development\",\"publisher\":{\"@id\":\"https:\/\/onyxdevelopment.pl\/nowa-fregata\/#organization\"},\"potentialAction\":[{\"@type\":\"SearchAction\",\"target\":{\"@type\":\"EntryPoint\",\"urlTemplate\":\"https:\/\/onyxdevelopment.pl\/nowa-fregata\/?s={search_term_string}\"},\"query-input\":{\"@type\":\"PropertyValueSpecification\",\"valueRequired\":true,\"valueName\":\"search_term_string\"}}],\"inLanguage\":\"pl-PL\"},{\"@type\":\"Organization\",\"@id\":\"https:\/\/onyxdevelopment.pl\/nowa-fregata\/#organization\",\"name\":\"Onyx Development\",\"url\":\"https:\/\/onyxdevelopment.pl\/nowa-fregata\/\",\"logo\":{\"@type\":\"ImageObject\",\"inLanguage\":\"pl-PL\",\"@id\":\"https:\/\/onyxdevelopment.pl\/nowa-fregata\/#\/schema\/logo\/image\/\",\"url\":\"https:\/\/onyxdevelopment.pl\/nowa-fregata\/wp-content\/uploads\/2018\/08\/logo-or-big.jpg\",\"contentUrl\":\"https:\/\/onyxdevelopment.pl\/nowa-fregata\/wp-content\/uploads\/2018\/08\/logo-or-big.jpg\",\"width\":1293,\"height\":496,\"caption\":\"Onyx Development\"},\"image\":{\"@id\":\"https:\/\/onyxdevelopment.pl\/nowa-fregata\/#\/schema\/logo\/image\/\"},\"sameAs\":[\"https:\/\/www.facebook.com\/onyxdevelopment\/\"]}]}<\/script>\n<!-- \/ Yoast SEO plugin. -->","yoast_head_json":{"title":"Lokalizacja - Nowa Fregata Inowroc\u0142aw","robots":{"index":"index","follow":"follow","max-snippet":"max-snippet:-1","max-image-preview":"max-image-preview:large","max-video-preview":"max-video-preview:-1"},"canonical":"https:\/\/onyxdevelopment.pl\/nowa-fregata\/lokalizacja\/","og_locale":"pl_PL","og_type":"article","og_title":"Lokalizacja - Nowa Fregata Inowroc\u0142aw","og_description":"Sprawd\u017a map\u0119 panoramiczn\u0105 okolicy","og_url":"https:\/\/onyxdevelopment.pl\/nowa-fregata\/lokalizacja\/","og_site_name":"Nowa Fregata Inowroc\u0142aw","article_publisher":"https:\/\/www.facebook.com\/onyxdevelopment\/","article_modified_time":"2024-08-25T18:49:18+00:00","twitter_card":"summary_large_image","schema":{"@context":"https:\/\/schema.org","@graph":[{"@type":"WebPage","@id":"https:\/\/onyxdevelopment.pl\/nowa-fregata\/lokalizacja\/","url":"https:\/\/onyxdevelopment.pl\/nowa-fregata\/lokalizacja\/","name":"Lokalizacja - Nowa Fregata Inowroc\u0142aw","isPartOf":{"@id":"https:\/\/onyxdevelopment.pl\/nowa-fregata\/#website"},"datePublished":"2018-06-11T18:07:52+00:00","dateModified":"2024-08-25T18:49:18+00:00","breadcrumb":{"@id":"https:\/\/onyxdevelopment.pl\/nowa-fregata\/lokalizacja\/#breadcrumb"},"inLanguage":"pl-PL","potentialAction":[{"@type":"ReadAction","target":["https:\/\/onyxdevelopment.pl\/nowa-fregata\/lokalizacja\/"]}]},{"@type":"BreadcrumbList","@id":"https:\/\/onyxdevelopment.pl\/nowa-fregata\/lokalizacja\/#breadcrumb","itemListElement":[{"@type":"ListItem","position":1,"name":"Strona g\u0142\u00f3wna","item":"https:\/\/onyxdevelopment.pl\/nowa-fregata\/"},{"@type":"ListItem","position":2,"name":"Lokalizacja"}]},{"@type":"WebSite","@id":"https:\/\/onyxdevelopment.pl\/nowa-fregata\/#website","url":"https:\/\/onyxdevelopment.pl\/nowa-fregata\/","name":"Nowa Fregata Inowroc\u0142aw","description":"ONYX Development","publisher":{"@id":"https:\/\/onyxdevelopment.pl\/nowa-fregata\/#organization"},"potentialAction":[{"@type":"SearchAction","target":{"@type":"EntryPoint","urlTemplate":"https:\/\/onyxdevelopment.pl\/nowa-fregata\/?s={search_term_string}"},"query-input":{"@type":"PropertyValueSpecification","valueRequired":true,"valueName":"search_term_string"}}],"inLanguage":"pl-PL"},{"@type":"Organization","@id":"https:\/\/onyxdevelopment.pl\/nowa-fregata\/#organization","name":"Onyx Development","url":"https:\/\/onyxdevelopment.pl\/nowa-fregata\/","logo":{"@type":"ImageObject","inLanguage":"pl-PL","@id":"https:\/\/onyxdevelopment.pl\/nowa-fregata\/#\/schema\/logo\/image\/","url":"https:\/\/onyxdevelopment.pl\/nowa-fregata\/wp-content\/uploads\/2018\/08\/logo-or-big.jpg","contentUrl":"https:\/\/onyxdevelopment.pl\/nowa-fregata\/wp-content\/uploads\/2018\/08\/logo-or-big.jpg","width":1293,"height":496,"caption":"Onyx Development"},"image":{"@id":"https:\/\/onyxdevelopment.pl\/nowa-fregata\/#\/schema\/logo\/image\/"},"sameAs":["https:\/\/www.facebook.com\/onyxdevelopment\/"]}]}},"_links":{"self":[{"href":"https:\/\/onyxdevelopment.pl\/nowa-fregata\/wp-json\/wp\/v2\/pages\/16","targetHints":{"allow":["GET"]}}],"collection":[{"href":"https:\/\/onyxdevelopment.pl\/nowa-fregata\/wp-json\/wp\/v2\/pages"}],"about":[{"href":"https:\/\/onyxdevelopment.pl\/nowa-fregata\/wp-json\/wp\/v2\/types\/page"}],"author":[{"embeddable":true,"href":"https:\/\/onyxdevelopment.pl\/nowa-fregata\/wp-json\/wp\/v2\/users\/1"}],"replies":[{"embeddable":true,"href":"https:\/\/onyxdevelopment.pl\/nowa-fregata\/wp-json\/wp\/v2\/comments?post=16"}],"version-history":[{"count":115,"href":"https:\/\/onyxdevelopment.pl\/nowa-fregata\/wp-json\/wp\/v2\/pages\/16\/revisions"}],"predecessor-version":[{"id":2589,"href":"https:\/\/onyxdevelopment.pl\/nowa-fregata\/wp-json\/wp\/v2\/pages\/16\/revisions\/2589"}],"wp:attachment":[{"href":"https:\/\/onyxdevelopment.pl\/nowa-fregata\/wp-json\/wp\/v2\/media?parent=16"}],"curies":[{"name":"wp","href":"https:\/\/api.w.org\/{rel}","templated":true}]}}